{"id":13845,"date":"2021-06-23T14:49:03","date_gmt":"2021-06-23T14:49:03","guid":{"rendered":"https:\/\/server.idssoft.net\/idsdemo\/producto\/soporte-mesa-c46b-smartphone-tablets-hasta-12-9-blanco-xo\/"},"modified":"2021-06-23T14:49:03","modified_gmt":"2021-06-23T14:49:03","slug":"soporte-mesa-c46b-smartphone-tablets-hasta-12-9-blanco-xo","status":"publish","type":"product","link":"https:\/\/server.idssoft.net\/idsdemo\/producto\/soporte-mesa-c46b-smartphone-tablets-hasta-12-9-blanco-xo\/","title":{"rendered":"SOPORTE MESA C46B SMARTPHONE\/TABLETS HASTA 12.9 BLANCO XO"},"content":{"rendered":"<p>. Plegable y f\u00e1cil de transportar. <br \/>. Ajuste de altura y posici\u00f3n<br \/>. Admite smartphones y tables hasta 12.9&#034;<br \/>. Dise\u00f1o de doble eje para c\u00f3mo ajuste del \u00e1ngulo<br \/>. Antideslizante.<br \/>. Dimensiones plegado: 101x66x27mm<\/p>\n","protected":false},"excerpt":{"rendered":"<p>. Plegable y f\u00e1cil de transportar. . Ajuste de altura y posici\u00f3n. Admite smartphones y tables hasta 12.9&#034;. Dise\u00f1o de doble eje para c\u00f3mo ajuste del \u00e1ngulo. Antideslizante.. Dimensiones plegado: 101x66x27mm<\/p>\n","protected":false},"featured_media":13843,"comment_status":"open","ping_status":"closed","template":"","meta":[],"product_cat":[641],"product_tag":[],"class_list":["post-13845","product","type-product","status-publish","has-post-thumbnail","hentry","product_cat-accesorios-smartphones","thunk-woo-product-list","opn-qv-enable","top-store-woo-hover-","top-store-single-product-tab-horizontal","top-store-shadow-","top-store-shadow-hover-"],"_links":{"self":[{"href":"https:\/\/server.idssoft.net\/idsdemo\/wp-json\/wp\/v2\/product\/13845","targetHints":{"allow":["GET"]}}],"collection":[{"href":"https:\/\/server.idssoft.net\/idsdemo\/wp-json\/wp\/v2\/product"}],"about":[{"href":"https:\/\/server.idssoft.net\/idsdemo\/wp-json\/wp\/v2\/types\/product"}],"replies":[{"embeddable":true,"href":"https:\/\/server.idssoft.net\/idsdemo\/wp-json\/wp\/v2\/comments?post=13845"}],"wp:featuredmedia":[{"embeddable":true,"href":"https:\/\/server.idssoft.net\/idsdemo\/wp-json\/wp\/v2\/media\/13843"}],"wp:attachment":[{"href":"https:\/\/server.idssoft.net\/idsdemo\/wp-json\/wp\/v2\/media?parent=13845"}],"wp:term":[{"taxonomy":"product_cat","embeddable":true,"href":"https:\/\/server.idssoft.net\/idsdemo\/wp-json\/wp\/v2\/product_cat?post=13845"},{"taxonomy":"product_tag","embeddable":true,"href":"https:\/\/server.idssoft.net\/idsdemo\/wp-json\/wp\/v2\/product_tag?post=13845"}],"curies":[{"name":"wp","href":"https:\/\/api.w.org\/{rel}","templated":true}]}}