{"id":13896,"date":"2021-06-23T14:50:43","date_gmt":"2021-06-23T14:50:43","guid":{"rendered":"https:\/\/server.idssoft.net\/idsdemo\/producto\/auricular-microfono-s300-usb-coolsound\/"},"modified":"2021-06-23T14:50:43","modified_gmt":"2021-06-23T14:50:43","slug":"auricular-microfono-s300-usb-coolsound","status":"publish","type":"product","link":"https:\/\/server.idssoft.net\/idsdemo\/producto\/auricular-microfono-s300-usb-coolsound\/","title":{"rendered":"AURICULAR + MICROFONO S300 USB COOLSOUND"},"content":{"rendered":"<p>&#8211; Auricular est\u00e9reo de peso ligero con micr\u00f3fono flexible ajustable<br \/>&#8211; Ideal para sesiones de juego en l\u00ednea, m\u00fasica y aplicaciones de chat de voz, como Skype<br \/>&#8211; Dise\u00f1o c\u00f3modo con almohadillas blandas y diadema ajustable<br \/>&#8211; Micr\u00f3fono s<\/p>\n","protected":false},"excerpt":{"rendered":"<p>&#8211; Auricular est\u00e9reo de peso ligero con micr\u00f3fono flexible ajustable&#8211; Ideal para sesiones de juego en l\u00ednea, m\u00fasica y aplicaciones de chat de voz, como Skype&#8211; Dise\u00f1o c\u00f3modo con almohadillas blandas y diadema ajustable&#8211; Micr\u00f3fono s<\/p>\n","protected":false},"featured_media":13894,"comment_status":"open","ping_status":"closed","template":"","meta":[],"product_cat":[474],"product_tag":[],"class_list":["post-13896","product","type-product","status-publish","has-post-thumbnail","hentry","product_cat-auriculares-con-cable","thunk-woo-product-list","opn-qv-enable","top-store-woo-hover-","top-store-single-product-tab-horizontal","top-store-shadow-","top-store-shadow-hover-"],"_links":{"self":[{"href":"https:\/\/server.idssoft.net\/idsdemo\/wp-json\/wp\/v2\/product\/13896","targetHints":{"allow":["GET"]}}],"collection":[{"href":"https:\/\/server.idssoft.net\/idsdemo\/wp-json\/wp\/v2\/product"}],"about":[{"href":"https:\/\/server.idssoft.net\/idsdemo\/wp-json\/wp\/v2\/types\/product"}],"replies":[{"embeddable":true,"href":"https:\/\/server.idssoft.net\/idsdemo\/wp-json\/wp\/v2\/comments?post=13896"}],"wp:featuredmedia":[{"embeddable":true,"href":"https:\/\/server.idssoft.net\/idsdemo\/wp-json\/wp\/v2\/media\/13894"}],"wp:attachment":[{"href":"https:\/\/server.idssoft.net\/idsdemo\/wp-json\/wp\/v2\/media?parent=13896"}],"wp:term":[{"taxonomy":"product_cat","embeddable":true,"href":"https:\/\/server.idssoft.net\/idsdemo\/wp-json\/wp\/v2\/product_cat?post=13896"},{"taxonomy":"product_tag","embeddable":true,"href":"https:\/\/server.idssoft.net\/idsdemo\/wp-json\/wp\/v2\/product_tag?post=13896"}],"curies":[{"name":"wp","href":"https:\/\/api.w.org\/{rel}","templated":true}]}}