{"id":13910,"date":"2021-06-23T14:51:15","date_gmt":"2021-06-23T14:51:15","guid":{"rendered":"https:\/\/server.idssoft.net\/idsdemo\/producto\/dispensador-de-gel-automatico-sin-contacto-para-pared-1000ml\/"},"modified":"2021-06-23T14:51:15","modified_gmt":"2021-06-23T14:51:15","slug":"dispensador-de-gel-automatico-sin-contacto-para-pared-1000ml","status":"publish","type":"product","link":"https:\/\/server.idssoft.net\/idsdemo\/producto\/dispensador-de-gel-automatico-sin-contacto-para-pared-1000ml\/","title":{"rendered":"DISPENSADOR DE GEL AUTOM\u00c1TICO SIN CONTACTO PARA PARED 1000ML"},"content":{"rendered":"<p>&#8211; El sensor infrarrojo ayuda a expulsar autom\u00e1ticamente el l\u00edquido, evitando la propagaci\u00f3n de bacterias causadas por el contacto.<br \/>&#8211; El dispensador puede funcionar directamente con un cable de alimentaci\u00f3n o con bater\u00edas 4xAA1.5V (no incluida<\/p>\n","protected":false},"excerpt":{"rendered":"<p>&#8211; El sensor infrarrojo ayuda a expulsar autom\u00e1ticamente el l\u00edquido, evitando la propagaci\u00f3n de bacterias causadas por el contacto.&#8211; El dispensador puede funcionar directamente con un cable de alimentaci\u00f3n o con bater\u00edas 4xAA1.5V (no incluida<\/p>\n","protected":false},"featured_media":13909,"comment_status":"open","ping_status":"closed","template":"","meta":[],"product_cat":[605],"product_tag":[],"class_list":["post-13910","product","type-product","status-publish","has-post-thumbnail","hentry","product_cat-dispensadores","thunk-woo-product-list","opn-qv-enable","top-store-woo-hover-","top-store-single-product-tab-horizontal","top-store-shadow-","top-store-shadow-hover-"],"_links":{"self":[{"href":"https:\/\/server.idssoft.net\/idsdemo\/wp-json\/wp\/v2\/product\/13910","targetHints":{"allow":["GET"]}}],"collection":[{"href":"https:\/\/server.idssoft.net\/idsdemo\/wp-json\/wp\/v2\/product"}],"about":[{"href":"https:\/\/server.idssoft.net\/idsdemo\/wp-json\/wp\/v2\/types\/product"}],"replies":[{"embeddable":true,"href":"https:\/\/server.idssoft.net\/idsdemo\/wp-json\/wp\/v2\/comments?post=13910"}],"wp:featuredmedia":[{"embeddable":true,"href":"https:\/\/server.idssoft.net\/idsdemo\/wp-json\/wp\/v2\/media\/13909"}],"wp:attachment":[{"href":"https:\/\/server.idssoft.net\/idsdemo\/wp-json\/wp\/v2\/media?parent=13910"}],"wp:term":[{"taxonomy":"product_cat","embeddable":true,"href":"https:\/\/server.idssoft.net\/idsdemo\/wp-json\/wp\/v2\/product_cat?post=13910"},{"taxonomy":"product_tag","embeddable":true,"href":"https:\/\/server.idssoft.net\/idsdemo\/wp-json\/wp\/v2\/product_tag?post=13910"}],"curies":[{"name":"wp","href":"https:\/\/api.w.org\/{rel}","templated":true}]}}