{"id":13913,"date":"2021-06-23T14:51:21","date_gmt":"2021-06-23T14:51:21","guid":{"rendered":"https:\/\/server.idssoft.net\/idsdemo\/producto\/mini-teclado-bluetooth-con-touchpad-plegable-cromad\/"},"modified":"2021-06-23T14:51:21","modified_gmt":"2021-06-23T14:51:21","slug":"mini-teclado-bluetooth-con-touchpad-plegable-cromad","status":"publish","type":"product","link":"https:\/\/server.idssoft.net\/idsdemo\/producto\/mini-teclado-bluetooth-con-touchpad-plegable-cromad\/","title":{"rendered":"MINI TECLADO BLUETOOTH CON TOUCHPAD PLEGABLE CROMAD"},"content":{"rendered":"<p>&#8211; Teclado plegable con dise\u00f1o slim.<br \/>&#8211; Bluetooth 3.0<br \/>&#8211; Touchpad incorporado.<br \/>&#8211; Tama\u00f1o: 304.5&#215;97.95x8mm  (abierto)<br \/>&#8211; Tama\u00f1o del Touchpad: 54.8&#215;44.8mm<br \/>&#8211; Peso: 197.3gr<br \/>&#8211; N\u00ba de teclas: 64<br \/>&#8211; Compatible con Windows, Android, I<\/p>\n","protected":false},"excerpt":{"rendered":"<p>&#8211; Teclado plegable con dise\u00f1o slim.&#8211; Bluetooth 3.0&#8211; Touchpad incorporado.&#8211; Tama\u00f1o: 304.5&#215;97.95x8mm (abierto)&#8211; Tama\u00f1o del Touchpad: 54.8&#215;44.8mm&#8211; Peso: 197.3gr&#8211; N\u00ba de teclas: 64&#8211; Compatible con Windows, Android, I<\/p>\n","protected":false},"featured_media":13911,"comment_status":"open","ping_status":"closed","template":"","meta":[],"product_cat":[566],"product_tag":[],"class_list":["post-13913","product","type-product","status-publish","has-post-thumbnail","hentry","product_cat-teclados","thunk-woo-product-list","opn-qv-enable","top-store-woo-hover-","top-store-single-product-tab-horizontal","top-store-shadow-","top-store-shadow-hover-"],"_links":{"self":[{"href":"https:\/\/server.idssoft.net\/idsdemo\/wp-json\/wp\/v2\/product\/13913","targetHints":{"allow":["GET"]}}],"collection":[{"href":"https:\/\/server.idssoft.net\/idsdemo\/wp-json\/wp\/v2\/product"}],"about":[{"href":"https:\/\/server.idssoft.net\/idsdemo\/wp-json\/wp\/v2\/types\/product"}],"replies":[{"embeddable":true,"href":"https:\/\/server.idssoft.net\/idsdemo\/wp-json\/wp\/v2\/comments?post=13913"}],"wp:featuredmedia":[{"embeddable":true,"href":"https:\/\/server.idssoft.net\/idsdemo\/wp-json\/wp\/v2\/media\/13911"}],"wp:attachment":[{"href":"https:\/\/server.idssoft.net\/idsdemo\/wp-json\/wp\/v2\/media?parent=13913"}],"wp:term":[{"taxonomy":"product_cat","embeddable":true,"href":"https:\/\/server.idssoft.net\/idsdemo\/wp-json\/wp\/v2\/product_cat?post=13913"},{"taxonomy":"product_tag","embeddable":true,"href":"https:\/\/server.idssoft.net\/idsdemo\/wp-json\/wp\/v2\/product_tag?post=13913"}],"curies":[{"name":"wp","href":"https:\/\/api.w.org\/{rel}","templated":true}]}}