{"id":13931,"date":"2021-06-23T14:51:54","date_gmt":"2021-06-23T14:51:54","guid":{"rendered":"https:\/\/server.idssoft.net\/idsdemo\/producto\/raton-x52-inalambrico-negro-cromad\/"},"modified":"2021-06-23T14:51:54","modified_gmt":"2021-06-23T14:51:54","slug":"raton-x52-inalambrico-negro-cromad","status":"publish","type":"product","link":"https:\/\/server.idssoft.net\/idsdemo\/producto\/raton-x52-inalambrico-negro-cromad\/","title":{"rendered":"RATON X52 INALAMBRICO NEGRO CROMAD"},"content":{"rendered":"<p>Hasta 10 metros de alcance.<br \/>Incluye Mini Receptor USB.<br \/>M\u00e1xima autonomia de bateria, hasta 12 meses.<br \/>3 botones accesibles.<br \/>Baterias 1 x AA (no incluidas).<br \/>Dise\u00f1o c\u00f3modo.<br \/>M\u00e1xima precisi\u00f3n.<br \/>Tacto suave.<br \/>Dispon<\/p>\n","protected":false},"excerpt":{"rendered":"<p>Hasta 10 metros de alcance.Incluye Mini Receptor USB.M\u00e1xima autonomia de bateria, hasta 12 meses.3 botones accesibles.Baterias 1 x AA (no incluidas).Dise\u00f1o c\u00f3modo.M\u00e1xima precisi\u00f3n.Tacto suave.Dispon<\/p>\n","protected":false},"featured_media":13929,"comment_status":"open","ping_status":"closed","template":"","meta":[],"product_cat":[480],"product_tag":[],"class_list":["post-13931","product","type-product","status-publish","has-post-thumbnail","hentry","product_cat-ratones","thunk-woo-product-list","opn-qv-enable","top-store-woo-hover-","top-store-single-product-tab-horizontal","top-store-shadow-","top-store-shadow-hover-"],"_links":{"self":[{"href":"https:\/\/server.idssoft.net\/idsdemo\/wp-json\/wp\/v2\/product\/13931","targetHints":{"allow":["GET"]}}],"collection":[{"href":"https:\/\/server.idssoft.net\/idsdemo\/wp-json\/wp\/v2\/product"}],"about":[{"href":"https:\/\/server.idssoft.net\/idsdemo\/wp-json\/wp\/v2\/types\/product"}],"replies":[{"embeddable":true,"href":"https:\/\/server.idssoft.net\/idsdemo\/wp-json\/wp\/v2\/comments?post=13931"}],"wp:featuredmedia":[{"embeddable":true,"href":"https:\/\/server.idssoft.net\/idsdemo\/wp-json\/wp\/v2\/media\/13929"}],"wp:attachment":[{"href":"https:\/\/server.idssoft.net\/idsdemo\/wp-json\/wp\/v2\/media?parent=13931"}],"wp:term":[{"taxonomy":"product_cat","embeddable":true,"href":"https:\/\/server.idssoft.net\/idsdemo\/wp-json\/wp\/v2\/product_cat?post=13931"},{"taxonomy":"product_tag","embeddable":true,"href":"https:\/\/server.idssoft.net\/idsdemo\/wp-json\/wp\/v2\/product_tag?post=13931"}],"curies":[{"name":"wp","href":"https:\/\/api.w.org\/{rel}","templated":true}]}}