{"id":13937,"date":"2021-06-23T14:52:05","date_gmt":"2021-06-23T14:52:05","guid":{"rendered":"https:\/\/server.idssoft.net\/idsdemo\/producto\/teclado-numerico-inalambrico-cromad\/"},"modified":"2021-06-23T14:52:05","modified_gmt":"2021-06-23T14:52:05","slug":"teclado-numerico-inalambrico-cromad","status":"publish","type":"product","link":"https:\/\/server.idssoft.net\/idsdemo\/producto\/teclado-numerico-inalambrico-cromad\/","title":{"rendered":"TECLADO NUMERICO INALAMBRICO CROMAD"},"content":{"rendered":"<p>&#8211; Elegante teclado num\u00e9rico ultradelgado para facilitar la entrada de datos num\u00e9ricos en cualquier port\u00e1til.<br \/>&#8211; A\u00f1ada un pr\u00e1ctico teclado num\u00e9rico a su port\u00e1til o a su teclado de tama\u00f1o peque\u00f1o<br \/>&#8211; Para escribir de forma c\u00f3moda, precisa<\/p>\n","protected":false},"excerpt":{"rendered":"<p>&#8211; Elegante teclado num\u00e9rico ultradelgado para facilitar la entrada de datos num\u00e9ricos en cualquier port\u00e1til.&#8211; A\u00f1ada un pr\u00e1ctico teclado num\u00e9rico a su port\u00e1til o a su teclado de tama\u00f1o peque\u00f1o&#8211; Para escribir de forma c\u00f3moda, precisa<\/p>\n","protected":false},"featured_media":13935,"comment_status":"open","ping_status":"closed","template":"","meta":[],"product_cat":[566],"product_tag":[],"class_list":["post-13937","product","type-product","status-publish","has-post-thumbnail","hentry","product_cat-teclados","thunk-woo-product-list","opn-qv-enable","top-store-woo-hover-","top-store-single-product-tab-horizontal","top-store-shadow-","top-store-shadow-hover-"],"_links":{"self":[{"href":"https:\/\/server.idssoft.net\/idsdemo\/wp-json\/wp\/v2\/product\/13937","targetHints":{"allow":["GET"]}}],"collection":[{"href":"https:\/\/server.idssoft.net\/idsdemo\/wp-json\/wp\/v2\/product"}],"about":[{"href":"https:\/\/server.idssoft.net\/idsdemo\/wp-json\/wp\/v2\/types\/product"}],"replies":[{"embeddable":true,"href":"https:\/\/server.idssoft.net\/idsdemo\/wp-json\/wp\/v2\/comments?post=13937"}],"wp:featuredmedia":[{"embeddable":true,"href":"https:\/\/server.idssoft.net\/idsdemo\/wp-json\/wp\/v2\/media\/13935"}],"wp:attachment":[{"href":"https:\/\/server.idssoft.net\/idsdemo\/wp-json\/wp\/v2\/media?parent=13937"}],"wp:term":[{"taxonomy":"product_cat","embeddable":true,"href":"https:\/\/server.idssoft.net\/idsdemo\/wp-json\/wp\/v2\/product_cat?post=13937"},{"taxonomy":"product_tag","embeddable":true,"href":"https:\/\/server.idssoft.net\/idsdemo\/wp-json\/wp\/v2\/product_tag?post=13937"}],"curies":[{"name":"wp","href":"https:\/\/api.w.org\/{rel}","templated":true}]}}