{"id":13943,"date":"2021-06-23T14:52:20","date_gmt":"2021-06-23T14:52:20","guid":{"rendered":"https:\/\/server.idssoft.net\/idsdemo\/producto\/alfombrilla-gaming-pro-tamano-xl-930x430-negro-azul-cromad-2\/"},"modified":"2021-06-23T14:52:20","modified_gmt":"2021-06-23T14:52:20","slug":"alfombrilla-gaming-pro-tamano-xl-930x430-negro-azul-cromad-2","status":"publish","type":"product","link":"https:\/\/server.idssoft.net\/idsdemo\/producto\/alfombrilla-gaming-pro-tamano-xl-930x430-negro-azul-cromad-2\/","title":{"rendered":"ALFOMBRILLA GAMING PRO TAMA\u00d1O XL 930X430 NEGRO\/AZUL CROMAD"},"content":{"rendered":"<p>&#8211; Compatibilidad con ratones \u00f3pticos y l\u00e1ser <br \/>&#8211; Tama\u00f1o XXL de 930X430mm<br \/>&#8211; Textura alta calidad ultrafina para movimientos precisos<br \/>&#8211; Base de goma antideslizante.<br \/>&#8211; Espesor 4 mm.<br \/>&#8211; Peso 775gr<\/p>\n","protected":false},"excerpt":{"rendered":"<p>&#8211; Compatibilidad con ratones \u00f3pticos y l\u00e1ser &#8211; Tama\u00f1o XXL de 930X430mm&#8211; Textura alta calidad ultrafina para movimientos precisos&#8211; Base de goma antideslizante.&#8211; Espesor 4 mm.&#8211; Peso 775gr<\/p>\n","protected":false},"featured_media":13942,"comment_status":"open","ping_status":"closed","template":"","meta":[],"product_cat":[461],"product_tag":[],"class_list":["post-13943","product","type-product","status-publish","has-post-thumbnail","hentry","product_cat-teclados-y-ratones-gaming","thunk-woo-product-list","opn-qv-enable","top-store-woo-hover-","top-store-single-product-tab-horizontal","top-store-shadow-","top-store-shadow-hover-"],"_links":{"self":[{"href":"https:\/\/server.idssoft.net\/idsdemo\/wp-json\/wp\/v2\/product\/13943","targetHints":{"allow":["GET"]}}],"collection":[{"href":"https:\/\/server.idssoft.net\/idsdemo\/wp-json\/wp\/v2\/product"}],"about":[{"href":"https:\/\/server.idssoft.net\/idsdemo\/wp-json\/wp\/v2\/types\/product"}],"replies":[{"embeddable":true,"href":"https:\/\/server.idssoft.net\/idsdemo\/wp-json\/wp\/v2\/comments?post=13943"}],"wp:featuredmedia":[{"embeddable":true,"href":"https:\/\/server.idssoft.net\/idsdemo\/wp-json\/wp\/v2\/media\/13942"}],"wp:attachment":[{"href":"https:\/\/server.idssoft.net\/idsdemo\/wp-json\/wp\/v2\/media?parent=13943"}],"wp:term":[{"taxonomy":"product_cat","embeddable":true,"href":"https:\/\/server.idssoft.net\/idsdemo\/wp-json\/wp\/v2\/product_cat?post=13943"},{"taxonomy":"product_tag","embeddable":true,"href":"https:\/\/server.idssoft.net\/idsdemo\/wp-json\/wp\/v2\/product_tag?post=13943"}],"curies":[{"name":"wp","href":"https:\/\/api.w.org\/{rel}","templated":true}]}}