{"id":13950,"date":"2021-06-23T14:52:34","date_gmt":"2021-06-23T14:52:34","guid":{"rendered":"https:\/\/server.idssoft.net\/idsdemo\/producto\/lector-de-codigos-de-barras-cromad-k250-manual-automatico\/"},"modified":"2021-06-23T14:52:34","modified_gmt":"2021-06-23T14:52:34","slug":"lector-de-codigos-de-barras-cromad-k250-manual-automatico","status":"publish","type":"product","link":"https:\/\/server.idssoft.net\/idsdemo\/producto\/lector-de-codigos-de-barras-cromad-k250-manual-automatico\/","title":{"rendered":"LECTOR DE CODIGOS DE BARRAS CROMAD K250 | MANUAL, AUTOMATICO"},"content":{"rendered":"<p>El lector K250 de CROMAD es un lector de c\u00f3digos de barras USB con un dise\u00f1o ergon\u00f3mico y f\u00e1cil de manejar. No necesita drivers y es detectado por el PC autom\u00e1ticamente una vez conectado. Es configurable e incluye LED y  timbre para indicar estad<\/p>\n","protected":false},"excerpt":{"rendered":"<p>El lector K250 de CROMAD es un lector de c\u00f3digos de barras USB con un dise\u00f1o ergon\u00f3mico y f\u00e1cil de manejar. No necesita drivers y es detectado por el PC autom\u00e1ticamente una vez conectado. Es configurable e incluye LED y timbre para indicar estad<\/p>\n","protected":false},"featured_media":13948,"comment_status":"open","ping_status":"closed","template":"","meta":[],"product_cat":[485],"product_tag":[],"class_list":["post-13950","product","type-product","status-publish","has-post-thumbnail","hentry","product_cat-tpv","thunk-woo-product-list","opn-qv-enable","top-store-woo-hover-","top-store-single-product-tab-horizontal","top-store-shadow-","top-store-shadow-hover-"],"_links":{"self":[{"href":"https:\/\/server.idssoft.net\/idsdemo\/wp-json\/wp\/v2\/product\/13950","targetHints":{"allow":["GET"]}}],"collection":[{"href":"https:\/\/server.idssoft.net\/idsdemo\/wp-json\/wp\/v2\/product"}],"about":[{"href":"https:\/\/server.idssoft.net\/idsdemo\/wp-json\/wp\/v2\/types\/product"}],"replies":[{"embeddable":true,"href":"https:\/\/server.idssoft.net\/idsdemo\/wp-json\/wp\/v2\/comments?post=13950"}],"wp:featuredmedia":[{"embeddable":true,"href":"https:\/\/server.idssoft.net\/idsdemo\/wp-json\/wp\/v2\/media\/13948"}],"wp:attachment":[{"href":"https:\/\/server.idssoft.net\/idsdemo\/wp-json\/wp\/v2\/media?parent=13950"}],"wp:term":[{"taxonomy":"product_cat","embeddable":true,"href":"https:\/\/server.idssoft.net\/idsdemo\/wp-json\/wp\/v2\/product_cat?post=13950"},{"taxonomy":"product_tag","embeddable":true,"href":"https:\/\/server.idssoft.net\/idsdemo\/wp-json\/wp\/v2\/product_tag?post=13950"}],"curies":[{"name":"wp","href":"https:\/\/api.w.org\/{rel}","templated":true}]}}