{"id":13959,"date":"2021-06-23T14:52:49","date_gmt":"2021-06-23T14:52:49","guid":{"rendered":"https:\/\/server.idssoft.net\/idsdemo\/producto\/lector-de-codigos-de-barras-cromad-k280-2d-inalambrico\/"},"modified":"2021-06-23T14:52:49","modified_gmt":"2021-06-23T14:52:49","slug":"lector-de-codigos-de-barras-cromad-k280-2d-inalambrico","status":"publish","type":"product","link":"https:\/\/server.idssoft.net\/idsdemo\/producto\/lector-de-codigos-de-barras-cromad-k280-2d-inalambrico\/","title":{"rendered":"LECTOR DE CODIGOS DE BARRAS CROMAD K280 | 2D | INALAMBRICO"},"content":{"rendered":"<p>El K280 de CROMAD es un lector de c\u00f3digos 1D\/2D inal\u00e1mbrico con un dise\u00f1o ergon\u00f3mico y f\u00e1cil de manejar. Soporta todos los c\u00f3digos de barras comunes 1D y 2D, y es capaz de escanear c\u00f3digos en pantalla. No necesita drivers y es detectado por el<\/p>\n","protected":false},"excerpt":{"rendered":"<p>El K280 de CROMAD es un lector de c\u00f3digos 1D\/2D inal\u00e1mbrico con un dise\u00f1o ergon\u00f3mico y f\u00e1cil de manejar. Soporta todos los c\u00f3digos de barras comunes 1D y 2D, y es capaz de escanear c\u00f3digos en pantalla. No necesita drivers y es detectado por el<\/p>\n","protected":false},"featured_media":13957,"comment_status":"open","ping_status":"closed","template":"","meta":[],"product_cat":[485],"product_tag":[],"class_list":["post-13959","product","type-product","status-publish","has-post-thumbnail","hentry","product_cat-tpv","thunk-woo-product-list","opn-qv-enable","top-store-woo-hover-","top-store-single-product-tab-horizontal","top-store-shadow-","top-store-shadow-hover-"],"_links":{"self":[{"href":"https:\/\/server.idssoft.net\/idsdemo\/wp-json\/wp\/v2\/product\/13959","targetHints":{"allow":["GET"]}}],"collection":[{"href":"https:\/\/server.idssoft.net\/idsdemo\/wp-json\/wp\/v2\/product"}],"about":[{"href":"https:\/\/server.idssoft.net\/idsdemo\/wp-json\/wp\/v2\/types\/product"}],"replies":[{"embeddable":true,"href":"https:\/\/server.idssoft.net\/idsdemo\/wp-json\/wp\/v2\/comments?post=13959"}],"wp:featuredmedia":[{"embeddable":true,"href":"https:\/\/server.idssoft.net\/idsdemo\/wp-json\/wp\/v2\/media\/13957"}],"wp:attachment":[{"href":"https:\/\/server.idssoft.net\/idsdemo\/wp-json\/wp\/v2\/media?parent=13959"}],"wp:term":[{"taxonomy":"product_cat","embeddable":true,"href":"https:\/\/server.idssoft.net\/idsdemo\/wp-json\/wp\/v2\/product_cat?post=13959"},{"taxonomy":"product_tag","embeddable":true,"href":"https:\/\/server.idssoft.net\/idsdemo\/wp-json\/wp\/v2\/product_tag?post=13959"}],"curies":[{"name":"wp","href":"https:\/\/api.w.org\/{rel}","templated":true}]}}