{"id":13965,"date":"2021-06-23T14:53:03","date_gmt":"2021-06-23T14:53:03","guid":{"rendered":"https:\/\/server.idssoft.net\/idsdemo\/producto\/raton-x53-usb-2-0-rojo-cromad\/"},"modified":"2021-06-23T14:53:03","modified_gmt":"2021-06-23T14:53:03","slug":"raton-x53-usb-2-0-rojo-cromad","status":"publish","type":"product","link":"https:\/\/server.idssoft.net\/idsdemo\/producto\/raton-x53-usb-2-0-rojo-cromad\/","title":{"rendered":"RATON X53 USB 2.0 ROJO CROMAD"},"content":{"rendered":"<p>&#8211; Conexi\u00f3n USB 2.0<br \/>&#8211; Longitud del cable de 1.50m.<br \/>&#8211; 3 botones accesibles.<br \/>&#8211; Dise\u00f1o c\u00f3modo.<br \/>&#8211; M\u00e1xima precisi\u00f3n.<br \/>&#8211; Tacto suave.<br \/>&#8211; Disponible en varios colores.<br \/>&#8211; Compatible con: Windows, Linux, Mac<br \/>&#8211; 40 PCS \/<\/p>\n","protected":false},"excerpt":{"rendered":"<p>&#8211; Conexi\u00f3n USB 2.0&#8211; Longitud del cable de 1.50m.&#8211; 3 botones accesibles.&#8211; Dise\u00f1o c\u00f3modo.&#8211; M\u00e1xima precisi\u00f3n.&#8211; Tacto suave.&#8211; Disponible en varios colores.&#8211; Compatible con: Windows, Linux, Mac&#8211; 40 PCS \/<\/p>\n","protected":false},"featured_media":13964,"comment_status":"open","ping_status":"closed","template":"","meta":[],"product_cat":[480],"product_tag":[],"class_list":["post-13965","product","type-product","status-publish","has-post-thumbnail","hentry","product_cat-ratones","thunk-woo-product-list","opn-qv-enable","top-store-woo-hover-","top-store-single-product-tab-horizontal","top-store-shadow-","top-store-shadow-hover-"],"_links":{"self":[{"href":"https:\/\/server.idssoft.net\/idsdemo\/wp-json\/wp\/v2\/product\/13965","targetHints":{"allow":["GET"]}}],"collection":[{"href":"https:\/\/server.idssoft.net\/idsdemo\/wp-json\/wp\/v2\/product"}],"about":[{"href":"https:\/\/server.idssoft.net\/idsdemo\/wp-json\/wp\/v2\/types\/product"}],"replies":[{"embeddable":true,"href":"https:\/\/server.idssoft.net\/idsdemo\/wp-json\/wp\/v2\/comments?post=13965"}],"wp:featuredmedia":[{"embeddable":true,"href":"https:\/\/server.idssoft.net\/idsdemo\/wp-json\/wp\/v2\/media\/13964"}],"wp:attachment":[{"href":"https:\/\/server.idssoft.net\/idsdemo\/wp-json\/wp\/v2\/media?parent=13965"}],"wp:term":[{"taxonomy":"product_cat","embeddable":true,"href":"https:\/\/server.idssoft.net\/idsdemo\/wp-json\/wp\/v2\/product_cat?post=13965"},{"taxonomy":"product_tag","embeddable":true,"href":"https:\/\/server.idssoft.net\/idsdemo\/wp-json\/wp\/v2\/product_tag?post=13965"}],"curies":[{"name":"wp","href":"https:\/\/api.w.org\/{rel}","templated":true}]}}