{"id":13969,"date":"2021-06-23T14:53:11","date_gmt":"2021-06-23T14:53:11","guid":{"rendered":"https:\/\/server.idssoft.net\/idsdemo\/producto\/mini-videocamara-full-hd-azul-1080p-con-vision-nocturna\/"},"modified":"2021-06-23T14:53:11","modified_gmt":"2021-06-23T14:53:11","slug":"mini-videocamara-full-hd-azul-1080p-con-vision-nocturna","status":"publish","type":"product","link":"https:\/\/server.idssoft.net\/idsdemo\/producto\/mini-videocamara-full-hd-azul-1080p-con-vision-nocturna\/","title":{"rendered":"MINI VIDEOCAMARA FULL HD AZUL 1080P CON VISI\u00d3N NOCTURNA"},"content":{"rendered":"<p>Discreta y peque\u00f1a, pero sus resultados te sorprender\u00e1n gratamente. Con visi\u00f3n nocturna, esta c\u00e1mara est\u00e1 pensada para los m\u00e1s entr\u00e9pidos y aventureros. F\u00e1cil de utilizar y, gracias a su tama\u00f1o, de trasladar. <\/p>\n<p>    Full HD 1080P &lt;<\/p>\n","protected":false},"excerpt":{"rendered":"<p>Discreta y peque\u00f1a, pero sus resultados te sorprender\u00e1n gratamente. Con visi\u00f3n nocturna, esta c\u00e1mara est\u00e1 pensada para los m\u00e1s entr\u00e9pidos y aventureros. F\u00e1cil de utilizar y, gracias a su tama\u00f1o, de trasladar. Full HD 1080P &lt;<\/p>\n","protected":false},"featured_media":13968,"comment_status":"open","ping_status":"closed","template":"","meta":[],"product_cat":[565],"product_tag":[],"class_list":["post-13969","product","type-product","status-publish","has-post-thumbnail","hentry","product_cat-camaras-y-accesorios","thunk-woo-product-list","opn-qv-enable","top-store-woo-hover-","top-store-single-product-tab-horizontal","top-store-shadow-","top-store-shadow-hover-"],"_links":{"self":[{"href":"https:\/\/server.idssoft.net\/idsdemo\/wp-json\/wp\/v2\/product\/13969","targetHints":{"allow":["GET"]}}],"collection":[{"href":"https:\/\/server.idssoft.net\/idsdemo\/wp-json\/wp\/v2\/product"}],"about":[{"href":"https:\/\/server.idssoft.net\/idsdemo\/wp-json\/wp\/v2\/types\/product"}],"replies":[{"embeddable":true,"href":"https:\/\/server.idssoft.net\/idsdemo\/wp-json\/wp\/v2\/comments?post=13969"}],"wp:featuredmedia":[{"embeddable":true,"href":"https:\/\/server.idssoft.net\/idsdemo\/wp-json\/wp\/v2\/media\/13968"}],"wp:attachment":[{"href":"https:\/\/server.idssoft.net\/idsdemo\/wp-json\/wp\/v2\/media?parent=13969"}],"wp:term":[{"taxonomy":"product_cat","embeddable":true,"href":"https:\/\/server.idssoft.net\/idsdemo\/wp-json\/wp\/v2\/product_cat?post=13969"},{"taxonomy":"product_tag","embeddable":true,"href":"https:\/\/server.idssoft.net\/idsdemo\/wp-json\/wp\/v2\/product_tag?post=13969"}],"curies":[{"name":"wp","href":"https:\/\/api.w.org\/{rel}","templated":true}]}}