{"id":13972,"date":"2021-06-23T14:53:17","date_gmt":"2021-06-23T14:53:17","guid":{"rendered":"https:\/\/server.idssoft.net\/idsdemo\/producto\/sarten-asadora-castanas-26cm-diametro\/"},"modified":"2021-06-23T14:53:17","modified_gmt":"2021-06-23T14:53:17","slug":"sarten-asadora-castanas-26cm-diametro","status":"publish","type":"product","link":"https:\/\/server.idssoft.net\/idsdemo\/producto\/sarten-asadora-castanas-26cm-diametro\/","title":{"rendered":"SARTEN ASADORA CASTA\u00d1AS 26CM DIAMETRO"},"content":{"rendered":"<p>&#8211; Di\u00e1metro: 26cm<br \/>&#8211; Fabricado en acero laminado en fr\u00edo.<br \/>&#8211; Los agujeros permiten pasar el fuego para asar las casta\u00f1as<\/p>\n","protected":false},"excerpt":{"rendered":"<p>&#8211; Di\u00e1metro: 26cm&#8211; Fabricado en acero laminado en fr\u00edo.&#8211; Los agujeros permiten pasar el fuego para asar las casta\u00f1as<\/p>\n","protected":false},"featured_media":13970,"comment_status":"open","ping_status":"closed","template":"","meta":[],"product_cat":[526],"product_tag":[],"class_list":["post-13972","product","type-product","status-publish","has-post-thumbnail","hentry","product_cat-sartenes","thunk-woo-product-list","opn-qv-enable","top-store-woo-hover-","top-store-single-product-tab-horizontal","top-store-shadow-","top-store-shadow-hover-"],"_links":{"self":[{"href":"https:\/\/server.idssoft.net\/idsdemo\/wp-json\/wp\/v2\/product\/13972","targetHints":{"allow":["GET"]}}],"collection":[{"href":"https:\/\/server.idssoft.net\/idsdemo\/wp-json\/wp\/v2\/product"}],"about":[{"href":"https:\/\/server.idssoft.net\/idsdemo\/wp-json\/wp\/v2\/types\/product"}],"replies":[{"embeddable":true,"href":"https:\/\/server.idssoft.net\/idsdemo\/wp-json\/wp\/v2\/comments?post=13972"}],"wp:featuredmedia":[{"embeddable":true,"href":"https:\/\/server.idssoft.net\/idsdemo\/wp-json\/wp\/v2\/media\/13970"}],"wp:attachment":[{"href":"https:\/\/server.idssoft.net\/idsdemo\/wp-json\/wp\/v2\/media?parent=13972"}],"wp:term":[{"taxonomy":"product_cat","embeddable":true,"href":"https:\/\/server.idssoft.net\/idsdemo\/wp-json\/wp\/v2\/product_cat?post=13972"},{"taxonomy":"product_tag","embeddable":true,"href":"https:\/\/server.idssoft.net\/idsdemo\/wp-json\/wp\/v2\/product_tag?post=13972"}],"curies":[{"name":"wp","href":"https:\/\/api.w.org\/{rel}","templated":true}]}}