{"id":14035,"date":"2021-06-23T14:55:28","date_gmt":"2021-06-23T14:55:28","guid":{"rendered":"https:\/\/server.idssoft.net\/idsdemo\/producto\/afeitadora-waterproof-ipx6-3-cabezales-bateria-litio-muvip\/"},"modified":"2021-06-23T14:55:28","modified_gmt":"2021-06-23T14:55:28","slug":"afeitadora-waterproof-ipx6-3-cabezales-bateria-litio-muvip","status":"publish","type":"product","link":"https:\/\/server.idssoft.net\/idsdemo\/producto\/afeitadora-waterproof-ipx6-3-cabezales-bateria-litio-muvip\/","title":{"rendered":"AFEITADORA WATERPROOF IPX6 3 CABEZALES BATER\u00cdA LITIO MUVIP"},"content":{"rendered":"<p>&#8211; En h\u00famedo o seco, afeitado con protecci\u00f3n; protege 10 veces mejor en comparaci\u00f3n con una cuchilla convencional<br \/>&#8211; Afeitado apurado sin cortes ni rasgu\u00f1os. Cuenta con un sistema de cuchillas con cabezales de perfil redondeado que se deslizan s<\/p>\n","protected":false},"excerpt":{"rendered":"<p>&#8211; En h\u00famedo o seco, afeitado con protecci\u00f3n; protege 10 veces mejor en comparaci\u00f3n con una cuchilla convencional&#8211; Afeitado apurado sin cortes ni rasgu\u00f1os. Cuenta con un sistema de cuchillas con cabezales de perfil redondeado que se deslizan s<\/p>\n","protected":false},"featured_media":14034,"comment_status":"open","ping_status":"closed","template":"","meta":[],"product_cat":[509],"product_tag":[],"class_list":["post-14035","product","type-product","status-publish","has-post-thumbnail","hentry","product_cat-cuidado-cabello","thunk-woo-product-list","opn-qv-enable","top-store-woo-hover-","top-store-single-product-tab-horizontal","top-store-shadow-","top-store-shadow-hover-"],"_links":{"self":[{"href":"https:\/\/server.idssoft.net\/idsdemo\/wp-json\/wp\/v2\/product\/14035","targetHints":{"allow":["GET"]}}],"collection":[{"href":"https:\/\/server.idssoft.net\/idsdemo\/wp-json\/wp\/v2\/product"}],"about":[{"href":"https:\/\/server.idssoft.net\/idsdemo\/wp-json\/wp\/v2\/types\/product"}],"replies":[{"embeddable":true,"href":"https:\/\/server.idssoft.net\/idsdemo\/wp-json\/wp\/v2\/comments?post=14035"}],"wp:featuredmedia":[{"embeddable":true,"href":"https:\/\/server.idssoft.net\/idsdemo\/wp-json\/wp\/v2\/media\/14034"}],"wp:attachment":[{"href":"https:\/\/server.idssoft.net\/idsdemo\/wp-json\/wp\/v2\/media?parent=14035"}],"wp:term":[{"taxonomy":"product_cat","embeddable":true,"href":"https:\/\/server.idssoft.net\/idsdemo\/wp-json\/wp\/v2\/product_cat?post=14035"},{"taxonomy":"product_tag","embeddable":true,"href":"https:\/\/server.idssoft.net\/idsdemo\/wp-json\/wp\/v2\/product_tag?post=14035"}],"curies":[{"name":"wp","href":"https:\/\/api.w.org\/{rel}","templated":true}]}}