{"id":14047,"date":"2021-06-23T14:55:53","date_gmt":"2021-06-23T14:55:53","guid":{"rendered":"https:\/\/server.idssoft.net\/idsdemo\/producto\/tensiometro-de-brazo-bm-45-pantalla-xxl-medicion-automat\/"},"modified":"2021-06-23T14:55:53","modified_gmt":"2021-06-23T14:55:53","slug":"tensiometro-de-brazo-bm-45-pantalla-xxl-medicion-automat","status":"publish","type":"product","link":"https:\/\/server.idssoft.net\/idsdemo\/producto\/tensiometro-de-brazo-bm-45-pantalla-xxl-medicion-automat\/","title":{"rendered":"TENSIOMETRO DE BRAZO BM-45 | PANTALLA XXL | MEDICION AUTOMAT"},"content":{"rendered":"<p>&#8211; Este tensi\u00f3metro de brazo mide tu presi\u00f3n arterial de forma completamente autom\u00e1tica y siguiendo las directrices de la OMS. Su pantalla XL t\u00e1ctil de f\u00e1cil lectura y su bot\u00f3n con sensor t\u00e1ctil luminoso de inicio y parada te permitir\u00e1n una f\u00e1<\/p>\n","protected":false},"excerpt":{"rendered":"<p>&#8211; Este tensi\u00f3metro de brazo mide tu presi\u00f3n arterial de forma completamente autom\u00e1tica y siguiendo las directrices de la OMS. Su pantalla XL t\u00e1ctil de f\u00e1cil lectura y su bot\u00f3n con sensor t\u00e1ctil luminoso de inicio y parada te permitir\u00e1n una f\u00e1<\/p>\n","protected":false},"featured_media":14045,"comment_status":"open","ping_status":"closed","template":"","meta":[],"product_cat":[558],"product_tag":[],"class_list":["post-14047","product","type-product","status-publish","has-post-thumbnail","hentry","product_cat-tensiometros-y-pulsioximetros","thunk-woo-product-list","opn-qv-enable","top-store-woo-hover-","top-store-single-product-tab-horizontal","top-store-shadow-","top-store-shadow-hover-"],"_links":{"self":[{"href":"https:\/\/server.idssoft.net\/idsdemo\/wp-json\/wp\/v2\/product\/14047","targetHints":{"allow":["GET"]}}],"collection":[{"href":"https:\/\/server.idssoft.net\/idsdemo\/wp-json\/wp\/v2\/product"}],"about":[{"href":"https:\/\/server.idssoft.net\/idsdemo\/wp-json\/wp\/v2\/types\/product"}],"replies":[{"embeddable":true,"href":"https:\/\/server.idssoft.net\/idsdemo\/wp-json\/wp\/v2\/comments?post=14047"}],"wp:featuredmedia":[{"embeddable":true,"href":"https:\/\/server.idssoft.net\/idsdemo\/wp-json\/wp\/v2\/media\/14045"}],"wp:attachment":[{"href":"https:\/\/server.idssoft.net\/idsdemo\/wp-json\/wp\/v2\/media?parent=14047"}],"wp:term":[{"taxonomy":"product_cat","embeddable":true,"href":"https:\/\/server.idssoft.net\/idsdemo\/wp-json\/wp\/v2\/product_cat?post=14047"},{"taxonomy":"product_tag","embeddable":true,"href":"https:\/\/server.idssoft.net\/idsdemo\/wp-json\/wp\/v2\/product_tag?post=14047"}],"curies":[{"name":"wp","href":"https:\/\/api.w.org\/{rel}","templated":true}]}}