{"id":14084,"date":"2021-06-23T14:57:07","date_gmt":"2021-06-23T14:57:07","guid":{"rendered":"https:\/\/server.idssoft.net\/idsdemo\/producto\/raton-vertical-gaming-krom-kaox-rgb-6400-dpi\/"},"modified":"2021-06-23T14:57:07","modified_gmt":"2021-06-23T14:57:07","slug":"raton-vertical-gaming-krom-kaox-rgb-6400-dpi","status":"publish","type":"product","link":"https:\/\/server.idssoft.net\/idsdemo\/producto\/raton-vertical-gaming-krom-kaox-rgb-6400-dpi\/","title":{"rendered":"RATON VERTICAL GAMING KROM KAOX RGB 6400 DPI"},"content":{"rendered":"<p>Krom Kaox es un revolucionario rat\u00f3n vertical con un dise\u00f1o ergon\u00f3mico testado, pensado para aquellas personas que pasan largas horas delante del ordenador, bien jugando o trabajando, asegurando una postura natural que disminuye la tensi\u00f3n muscula<\/p>\n","protected":false},"excerpt":{"rendered":"<p>Krom Kaox es un revolucionario rat\u00f3n vertical con un dise\u00f1o ergon\u00f3mico testado, pensado para aquellas personas que pasan largas horas delante del ordenador, bien jugando o trabajando, asegurando una postura natural que disminuye la tensi\u00f3n muscula<\/p>\n","protected":false},"featured_media":14083,"comment_status":"open","ping_status":"closed","template":"","meta":[],"product_cat":[461],"product_tag":[],"class_list":["post-14084","product","type-product","status-publish","has-post-thumbnail","hentry","product_cat-teclados-y-ratones-gaming","thunk-woo-product-list","opn-qv-enable","top-store-woo-hover-","top-store-single-product-tab-horizontal","top-store-shadow-","top-store-shadow-hover-"],"_links":{"self":[{"href":"https:\/\/server.idssoft.net\/idsdemo\/wp-json\/wp\/v2\/product\/14084","targetHints":{"allow":["GET"]}}],"collection":[{"href":"https:\/\/server.idssoft.net\/idsdemo\/wp-json\/wp\/v2\/product"}],"about":[{"href":"https:\/\/server.idssoft.net\/idsdemo\/wp-json\/wp\/v2\/types\/product"}],"replies":[{"embeddable":true,"href":"https:\/\/server.idssoft.net\/idsdemo\/wp-json\/wp\/v2\/comments?post=14084"}],"wp:featuredmedia":[{"embeddable":true,"href":"https:\/\/server.idssoft.net\/idsdemo\/wp-json\/wp\/v2\/media\/14083"}],"wp:attachment":[{"href":"https:\/\/server.idssoft.net\/idsdemo\/wp-json\/wp\/v2\/media?parent=14084"}],"wp:term":[{"taxonomy":"product_cat","embeddable":true,"href":"https:\/\/server.idssoft.net\/idsdemo\/wp-json\/wp\/v2\/product_cat?post=14084"},{"taxonomy":"product_tag","embeddable":true,"href":"https:\/\/server.idssoft.net\/idsdemo\/wp-json\/wp\/v2\/product_tag?post=14084"}],"curies":[{"name":"wp","href":"https:\/\/api.w.org\/{rel}","templated":true}]}}