{"id":14114,"date":"2021-06-23T14:58:05","date_gmt":"2021-06-23T14:58:05","guid":{"rendered":"https:\/\/server.idssoft.net\/idsdemo\/producto\/cepillo-dental-electrico-oral-b-vitality-100-azul\/"},"modified":"2021-06-23T14:58:05","modified_gmt":"2021-06-23T14:58:05","slug":"cepillo-dental-electrico-oral-b-vitality-100-azul","status":"publish","type":"product","link":"https:\/\/server.idssoft.net\/idsdemo\/producto\/cepillo-dental-electrico-oral-b-vitality-100-azul\/","title":{"rendered":"CEPILLO DENTAL ELECTRICO ORAL-B VITALITY 100 AZUL"},"content":{"rendered":"<p>. Sistema cross action <br \/>. Sensor de precision<br \/>. Temporizador<br \/>. Base de carga<br \/>. Color azul<\/p>\n<p>El cepillo de dientes el\u00e9ctrico recargable Oral-B Vitality 100 CrossAction ofrece una limpieza cl\u00ednicamente probada m\u00e1s intensa<\/p>\n","protected":false},"excerpt":{"rendered":"<p>. Sistema cross action . Sensor de precision. Temporizador. Base de carga. Color azul El cepillo de dientes el\u00e9ctrico recargable Oral-B Vitality 100 CrossAction ofrece una limpieza cl\u00ednicamente probada m\u00e1s intensa<\/p>\n","protected":false},"featured_media":14113,"comment_status":"open","ping_status":"closed","template":"","meta":[],"product_cat":[555],"product_tag":[],"class_list":["post-14114","product","type-product","status-publish","has-post-thumbnail","hentry","product_cat-cepillos-de-diente","thunk-woo-product-list","opn-qv-enable","top-store-woo-hover-","top-store-single-product-tab-horizontal","top-store-shadow-","top-store-shadow-hover-"],"_links":{"self":[{"href":"https:\/\/server.idssoft.net\/idsdemo\/wp-json\/wp\/v2\/product\/14114","targetHints":{"allow":["GET"]}}],"collection":[{"href":"https:\/\/server.idssoft.net\/idsdemo\/wp-json\/wp\/v2\/product"}],"about":[{"href":"https:\/\/server.idssoft.net\/idsdemo\/wp-json\/wp\/v2\/types\/product"}],"replies":[{"embeddable":true,"href":"https:\/\/server.idssoft.net\/idsdemo\/wp-json\/wp\/v2\/comments?post=14114"}],"wp:featuredmedia":[{"embeddable":true,"href":"https:\/\/server.idssoft.net\/idsdemo\/wp-json\/wp\/v2\/media\/14113"}],"wp:attachment":[{"href":"https:\/\/server.idssoft.net\/idsdemo\/wp-json\/wp\/v2\/media?parent=14114"}],"wp:term":[{"taxonomy":"product_cat","embeddable":true,"href":"https:\/\/server.idssoft.net\/idsdemo\/wp-json\/wp\/v2\/product_cat?post=14114"},{"taxonomy":"product_tag","embeddable":true,"href":"https:\/\/server.idssoft.net\/idsdemo\/wp-json\/wp\/v2\/product_tag?post=14114"}],"curies":[{"name":"wp","href":"https:\/\/api.w.org\/{rel}","templated":true}]}}