{"id":14116,"date":"2021-06-23T14:58:09","date_gmt":"2021-06-23T14:58:09","guid":{"rendered":"https:\/\/server.idssoft.net\/idsdemo\/producto\/termometro-digital-laica-th3601-display-lcd-2-10-9cm-so\/"},"modified":"2021-06-23T14:58:09","modified_gmt":"2021-06-23T14:58:09","slug":"termometro-digital-laica-th3601-display-lcd-2-10-9cm-so","status":"publish","type":"product","link":"https:\/\/server.idssoft.net\/idsdemo\/producto\/termometro-digital-laica-th3601-display-lcd-2-10-9cm-so\/","title":{"rendered":"TERM\u00d3METRO DIGITAL LAICA TH3601 &#8211; DISPLAY LCD 2.1*0.9CM &#8211; SO"},"content":{"rendered":"<p>El term\u00f3metro digital LAICA TH3601 detecta la temperatura corporal con facilidad.La pantalla LCD permite una f\u00e1cil lectura de la temperatura medida (oral, axilar y rectal).La sonda flexible hace que sea m\u00e1s c\u00f3modo de usar.Est\u00e1 equipado con una se<\/p>\n","protected":false},"excerpt":{"rendered":"<p>El term\u00f3metro digital LAICA TH3601 detecta la temperatura corporal con facilidad.La pantalla LCD permite una f\u00e1cil lectura de la temperatura medida (oral, axilar y rectal).La sonda flexible hace que sea m\u00e1s c\u00f3modo de usar.Est\u00e1 equipado con una se<\/p>\n","protected":false},"featured_media":14115,"comment_status":"open","ping_status":"closed","template":"","meta":[],"product_cat":[554],"product_tag":[],"class_list":["post-14116","product","type-product","status-publish","has-post-thumbnail","hentry","product_cat-termometros","thunk-woo-product-list","opn-qv-enable","top-store-woo-hover-","top-store-single-product-tab-horizontal","top-store-shadow-","top-store-shadow-hover-"],"_links":{"self":[{"href":"https:\/\/server.idssoft.net\/idsdemo\/wp-json\/wp\/v2\/product\/14116","targetHints":{"allow":["GET"]}}],"collection":[{"href":"https:\/\/server.idssoft.net\/idsdemo\/wp-json\/wp\/v2\/product"}],"about":[{"href":"https:\/\/server.idssoft.net\/idsdemo\/wp-json\/wp\/v2\/types\/product"}],"replies":[{"embeddable":true,"href":"https:\/\/server.idssoft.net\/idsdemo\/wp-json\/wp\/v2\/comments?post=14116"}],"wp:featuredmedia":[{"embeddable":true,"href":"https:\/\/server.idssoft.net\/idsdemo\/wp-json\/wp\/v2\/media\/14115"}],"wp:attachment":[{"href":"https:\/\/server.idssoft.net\/idsdemo\/wp-json\/wp\/v2\/media?parent=14116"}],"wp:term":[{"taxonomy":"product_cat","embeddable":true,"href":"https:\/\/server.idssoft.net\/idsdemo\/wp-json\/wp\/v2\/product_cat?post=14116"},{"taxonomy":"product_tag","embeddable":true,"href":"https:\/\/server.idssoft.net\/idsdemo\/wp-json\/wp\/v2\/product_tag?post=14116"}],"curies":[{"name":"wp","href":"https:\/\/api.w.org\/{rel}","templated":true}]}}