{"id":14124,"date":"2021-06-23T14:58:28","date_gmt":"2021-06-23T14:58:28","guid":{"rendered":"https:\/\/server.idssoft.net\/idsdemo\/producto\/expositor-12-geles-hidroalcoholico-higienizante-50-ml-6-ar\/"},"modified":"2021-06-23T14:58:28","modified_gmt":"2021-06-23T14:58:28","slug":"expositor-12-geles-hidroalcoholico-higienizante-50-ml-6-ar","status":"publish","type":"product","link":"https:\/\/server.idssoft.net\/idsdemo\/producto\/expositor-12-geles-hidroalcoholico-higienizante-50-ml-6-ar\/","title":{"rendered":"EXPOSITOR 12 GELES HIDROALCOHOLICO HIGIENIZANTE 50 ML | 6 AR"},"content":{"rendered":"<p>Expositor de 12 unidades de Gel Hidroalcoh\u00f3lico para ni\u00f1os, indicado para la higienizaci\u00f3n de las manos, sin necesidad de enjuagar con agua tras su aplicaci\u00f3n.<\/p>\n<p>Enriquecido con productos que cuidan la piel gracias a los agentes hidratantes<\/p>\n","protected":false},"excerpt":{"rendered":"<p>Expositor de 12 unidades de Gel Hidroalcoh\u00f3lico para ni\u00f1os, indicado para la higienizaci\u00f3n de las manos, sin necesidad de enjuagar con agua tras su aplicaci\u00f3n. Enriquecido con productos que cuidan la piel gracias a los agentes hidratantes<\/p>\n","protected":false},"featured_media":14123,"comment_status":"open","ping_status":"closed","template":"","meta":[],"product_cat":[651],"product_tag":[],"class_list":["post-14124","product","type-product","status-publish","has-post-thumbnail","hentry","product_cat-geles-sprays","thunk-woo-product-list","opn-qv-enable","top-store-woo-hover-","top-store-single-product-tab-horizontal","top-store-shadow-","top-store-shadow-hover-"],"_links":{"self":[{"href":"https:\/\/server.idssoft.net\/idsdemo\/wp-json\/wp\/v2\/product\/14124","targetHints":{"allow":["GET"]}}],"collection":[{"href":"https:\/\/server.idssoft.net\/idsdemo\/wp-json\/wp\/v2\/product"}],"about":[{"href":"https:\/\/server.idssoft.net\/idsdemo\/wp-json\/wp\/v2\/types\/product"}],"replies":[{"embeddable":true,"href":"https:\/\/server.idssoft.net\/idsdemo\/wp-json\/wp\/v2\/comments?post=14124"}],"wp:featuredmedia":[{"embeddable":true,"href":"https:\/\/server.idssoft.net\/idsdemo\/wp-json\/wp\/v2\/media\/14123"}],"wp:attachment":[{"href":"https:\/\/server.idssoft.net\/idsdemo\/wp-json\/wp\/v2\/media?parent=14124"}],"wp:term":[{"taxonomy":"product_cat","embeddable":true,"href":"https:\/\/server.idssoft.net\/idsdemo\/wp-json\/wp\/v2\/product_cat?post=14124"},{"taxonomy":"product_tag","embeddable":true,"href":"https:\/\/server.idssoft.net\/idsdemo\/wp-json\/wp\/v2\/product_tag?post=14124"}],"curies":[{"name":"wp","href":"https:\/\/api.w.org\/{rel}","templated":true}]}}