{"id":14132,"date":"2021-06-23T14:58:45","date_gmt":"2021-06-23T14:58:45","guid":{"rendered":"https:\/\/server.idssoft.net\/idsdemo\/producto\/gel-hidroalcoholico-higienizante-500ml-dosificador\/"},"modified":"2021-06-23T14:58:45","modified_gmt":"2021-06-23T14:58:45","slug":"gel-hidroalcoholico-higienizante-500ml-dosificador","status":"publish","type":"product","link":"https:\/\/server.idssoft.net\/idsdemo\/producto\/gel-hidroalcoholico-higienizante-500ml-dosificador\/","title":{"rendered":"GEL HIDROALCOHOLICO HIGIENIZANTE 500ML DOSIFICADOR"},"content":{"rendered":"<p>Gel Hidroalcoh\u00f3lico indicado para la higienizaci\u00f3n de las manos, sin necesidad de enjuagar con agua tras su aplicaci\u00f3n.<\/p>\n<p>Enriquecido con productos que cuidan la piel gracias a los agentes hidratantes incluidos en la formulaci\u00f3n del product<\/p>\n","protected":false},"excerpt":{"rendered":"<p>Gel Hidroalcoh\u00f3lico indicado para la higienizaci\u00f3n de las manos, sin necesidad de enjuagar con agua tras su aplicaci\u00f3n. Enriquecido con productos que cuidan la piel gracias a los agentes hidratantes incluidos en la formulaci\u00f3n del product<\/p>\n","protected":false},"featured_media":14131,"comment_status":"open","ping_status":"closed","template":"","meta":[],"product_cat":[651],"product_tag":[],"class_list":["post-14132","product","type-product","status-publish","has-post-thumbnail","hentry","product_cat-geles-sprays","thunk-woo-product-list","opn-qv-enable","top-store-woo-hover-","top-store-single-product-tab-horizontal","top-store-shadow-","top-store-shadow-hover-"],"_links":{"self":[{"href":"https:\/\/server.idssoft.net\/idsdemo\/wp-json\/wp\/v2\/product\/14132","targetHints":{"allow":["GET"]}}],"collection":[{"href":"https:\/\/server.idssoft.net\/idsdemo\/wp-json\/wp\/v2\/product"}],"about":[{"href":"https:\/\/server.idssoft.net\/idsdemo\/wp-json\/wp\/v2\/types\/product"}],"replies":[{"embeddable":true,"href":"https:\/\/server.idssoft.net\/idsdemo\/wp-json\/wp\/v2\/comments?post=14132"}],"wp:featuredmedia":[{"embeddable":true,"href":"https:\/\/server.idssoft.net\/idsdemo\/wp-json\/wp\/v2\/media\/14131"}],"wp:attachment":[{"href":"https:\/\/server.idssoft.net\/idsdemo\/wp-json\/wp\/v2\/media?parent=14132"}],"wp:term":[{"taxonomy":"product_cat","embeddable":true,"href":"https:\/\/server.idssoft.net\/idsdemo\/wp-json\/wp\/v2\/product_cat?post=14132"},{"taxonomy":"product_tag","embeddable":true,"href":"https:\/\/server.idssoft.net\/idsdemo\/wp-json\/wp\/v2\/product_tag?post=14132"}],"curies":[{"name":"wp","href":"https:\/\/api.w.org\/{rel}","templated":true}]}}