{"id":14135,"date":"2021-06-23T14:58:50","date_gmt":"2021-06-23T14:58:50","guid":{"rendered":"https:\/\/server.idssoft.net\/idsdemo\/producto\/webcam-2k-super-hd-microfono-integrado-enfoque-auto-co\/"},"modified":"2021-06-23T14:58:50","modified_gmt":"2021-06-23T14:58:50","slug":"webcam-2k-super-hd-microfono-integrado-enfoque-auto-co","status":"publish","type":"product","link":"https:\/\/server.idssoft.net\/idsdemo\/producto\/webcam-2k-super-hd-microfono-integrado-enfoque-auto-co\/","title":{"rendered":"WEBCAM 2K SUPER HD | MICROFONO INTEGRADO | ENFOQUE AUTO | CO"},"content":{"rendered":"<p>Caracter\u00edsticas:<br \/>. 5-Megap\u00edxeles (2592 x 1944) resoluci\u00f3n 2K Super HD.<br \/>. Enfoque autom\u00e1tico.<br \/>. Micr\u00f3fono con reducci\u00f3n de ruido incorporado.<br \/>. Compatible con la mayor\u00eda de las aplicaciones de software de videoconferencia.<br \/>.<\/p>\n","protected":false},"excerpt":{"rendered":"<p>Caracter\u00edsticas:. 5-Megap\u00edxeles (2592 x 1944) resoluci\u00f3n 2K Super HD.. Enfoque autom\u00e1tico.. Micr\u00f3fono con reducci\u00f3n de ruido incorporado.. Compatible con la mayor\u00eda de las aplicaciones de software de videoconferencia..<\/p>\n","protected":false},"featured_media":14133,"comment_status":"open","ping_status":"closed","template":"","meta":[],"product_cat":[569],"product_tag":[],"class_list":["post-14135","product","type-product","status-publish","has-post-thumbnail","hentry","product_cat-webcams","thunk-woo-product-list","opn-qv-enable","top-store-woo-hover-","top-store-single-product-tab-horizontal","top-store-shadow-","top-store-shadow-hover-"],"_links":{"self":[{"href":"https:\/\/server.idssoft.net\/idsdemo\/wp-json\/wp\/v2\/product\/14135","targetHints":{"allow":["GET"]}}],"collection":[{"href":"https:\/\/server.idssoft.net\/idsdemo\/wp-json\/wp\/v2\/product"}],"about":[{"href":"https:\/\/server.idssoft.net\/idsdemo\/wp-json\/wp\/v2\/types\/product"}],"replies":[{"embeddable":true,"href":"https:\/\/server.idssoft.net\/idsdemo\/wp-json\/wp\/v2\/comments?post=14135"}],"wp:featuredmedia":[{"embeddable":true,"href":"https:\/\/server.idssoft.net\/idsdemo\/wp-json\/wp\/v2\/media\/14133"}],"wp:attachment":[{"href":"https:\/\/server.idssoft.net\/idsdemo\/wp-json\/wp\/v2\/media?parent=14135"}],"wp:term":[{"taxonomy":"product_cat","embeddable":true,"href":"https:\/\/server.idssoft.net\/idsdemo\/wp-json\/wp\/v2\/product_cat?post=14135"},{"taxonomy":"product_tag","embeddable":true,"href":"https:\/\/server.idssoft.net\/idsdemo\/wp-json\/wp\/v2\/product_tag?post=14135"}],"curies":[{"name":"wp","href":"https:\/\/api.w.org\/{rel}","templated":true}]}}