{"id":14137,"date":"2021-06-23T14:58:57","date_gmt":"2021-06-23T14:58:57","guid":{"rendered":"https:\/\/server.idssoft.net\/idsdemo\/producto\/webcam-full-hd-1080p-enfoque-fijo-65o-angulo-conceptro\/"},"modified":"2021-06-23T14:58:57","modified_gmt":"2021-06-23T14:58:57","slug":"webcam-full-hd-1080p-enfoque-fijo-65o-angulo-conceptro","status":"publish","type":"product","link":"https:\/\/server.idssoft.net\/idsdemo\/producto\/webcam-full-hd-1080p-enfoque-fijo-65o-angulo-conceptro\/","title":{"rendered":"WEBCAM FULL HD 1080P | ENFOQUE FIJO | 65\u00ba ANGULO | CONCEPTRO"},"content":{"rendered":"<p>Caracter\u00edsticas:<br \/>. Resoluci\u00f3n Full HD 1080P (1920 x 1080).<br \/>. Micr\u00f3fono con reducci\u00f3n de ruido incorporado.<br \/>. Compatible con la mayor\u00eda de las aplicaciones de software de videoconferencia.<br \/>. Compatible con equipos de sobremesa<\/p>\n","protected":false},"excerpt":{"rendered":"<p>Caracter\u00edsticas:. Resoluci\u00f3n Full HD 1080P (1920 x 1080).. Micr\u00f3fono con reducci\u00f3n de ruido incorporado.. Compatible con la mayor\u00eda de las aplicaciones de software de videoconferencia.. Compatible con equipos de sobremesa<\/p>\n","protected":false},"featured_media":14136,"comment_status":"open","ping_status":"closed","template":"","meta":[],"product_cat":[569],"product_tag":[],"class_list":["post-14137","product","type-product","status-publish","has-post-thumbnail","hentry","product_cat-webcams","thunk-woo-product-list","opn-qv-enable","top-store-woo-hover-","top-store-single-product-tab-horizontal","top-store-shadow-","top-store-shadow-hover-"],"_links":{"self":[{"href":"https:\/\/server.idssoft.net\/idsdemo\/wp-json\/wp\/v2\/product\/14137","targetHints":{"allow":["GET"]}}],"collection":[{"href":"https:\/\/server.idssoft.net\/idsdemo\/wp-json\/wp\/v2\/product"}],"about":[{"href":"https:\/\/server.idssoft.net\/idsdemo\/wp-json\/wp\/v2\/types\/product"}],"replies":[{"embeddable":true,"href":"https:\/\/server.idssoft.net\/idsdemo\/wp-json\/wp\/v2\/comments?post=14137"}],"wp:featuredmedia":[{"embeddable":true,"href":"https:\/\/server.idssoft.net\/idsdemo\/wp-json\/wp\/v2\/media\/14136"}],"wp:attachment":[{"href":"https:\/\/server.idssoft.net\/idsdemo\/wp-json\/wp\/v2\/media?parent=14137"}],"wp:term":[{"taxonomy":"product_cat","embeddable":true,"href":"https:\/\/server.idssoft.net\/idsdemo\/wp-json\/wp\/v2\/product_cat?post=14137"},{"taxonomy":"product_tag","embeddable":true,"href":"https:\/\/server.idssoft.net\/idsdemo\/wp-json\/wp\/v2\/product_tag?post=14137"}],"curies":[{"name":"wp","href":"https:\/\/api.w.org\/{rel}","templated":true}]}}