{"id":14140,"date":"2021-06-23T14:59:02","date_gmt":"2021-06-23T14:59:02","guid":{"rendered":"https:\/\/server.idssoft.net\/idsdemo\/producto\/webcam-full-hf-1080p-angulo-90o-conceptronic\/"},"modified":"2021-06-23T14:59:02","modified_gmt":"2021-06-23T14:59:02","slug":"webcam-full-hf-1080p-angulo-90o-conceptronic","status":"publish","type":"product","link":"https:\/\/server.idssoft.net\/idsdemo\/producto\/webcam-full-hf-1080p-angulo-90o-conceptronic\/","title":{"rendered":"WEBCAM FULL HF 1080P | ANGULO 90\u00ba CONCEPTRONIC"},"content":{"rendered":"<p>Caracter\u00edsticas:<br \/>. 1920 x 1080 Full HD<br \/>. Micr\u00f3fono incorporado de reducci\u00f3n de ruido.<br \/>. Compatible con la mayor\u00eda de las aplicaciones de software de videoconferencia.<br \/>. Compatible con PC o laptops con sistemas operativos conven<\/p>\n","protected":false},"excerpt":{"rendered":"<p>Caracter\u00edsticas:. 1920 x 1080 Full HD. Micr\u00f3fono incorporado de reducci\u00f3n de ruido.. Compatible con la mayor\u00eda de las aplicaciones de software de videoconferencia.. Compatible con PC o laptops con sistemas operativos conven<\/p>\n","protected":false},"featured_media":14138,"comment_status":"open","ping_status":"closed","template":"","meta":[],"product_cat":[569],"product_tag":[],"class_list":["post-14140","product","type-product","status-publish","has-post-thumbnail","hentry","product_cat-webcams","thunk-woo-product-list","opn-qv-enable","top-store-woo-hover-","top-store-single-product-tab-horizontal","top-store-shadow-","top-store-shadow-hover-"],"_links":{"self":[{"href":"https:\/\/server.idssoft.net\/idsdemo\/wp-json\/wp\/v2\/product\/14140","targetHints":{"allow":["GET"]}}],"collection":[{"href":"https:\/\/server.idssoft.net\/idsdemo\/wp-json\/wp\/v2\/product"}],"about":[{"href":"https:\/\/server.idssoft.net\/idsdemo\/wp-json\/wp\/v2\/types\/product"}],"replies":[{"embeddable":true,"href":"https:\/\/server.idssoft.net\/idsdemo\/wp-json\/wp\/v2\/comments?post=14140"}],"wp:featuredmedia":[{"embeddable":true,"href":"https:\/\/server.idssoft.net\/idsdemo\/wp-json\/wp\/v2\/media\/14138"}],"wp:attachment":[{"href":"https:\/\/server.idssoft.net\/idsdemo\/wp-json\/wp\/v2\/media?parent=14140"}],"wp:term":[{"taxonomy":"product_cat","embeddable":true,"href":"https:\/\/server.idssoft.net\/idsdemo\/wp-json\/wp\/v2\/product_cat?post=14140"},{"taxonomy":"product_tag","embeddable":true,"href":"https:\/\/server.idssoft.net\/idsdemo\/wp-json\/wp\/v2\/product_tag?post=14140"}],"curies":[{"name":"wp","href":"https:\/\/api.w.org\/{rel}","templated":true}]}}