{"id":14146,"date":"2021-06-23T14:59:11","date_gmt":"2021-06-23T14:59:11","guid":{"rendered":"https:\/\/server.idssoft.net\/idsdemo\/producto\/satisfyer-men-vibration\/"},"modified":"2021-06-23T14:59:11","modified_gmt":"2021-06-23T14:59:11","slug":"satisfyer-men-vibration","status":"publish","type":"product","link":"https:\/\/server.idssoft.net\/idsdemo\/producto\/satisfyer-men-vibration\/","title":{"rendered":"SATISFYER MEN VIBRATION"},"content":{"rendered":"<p>Este masturbador es el Maserati de los masturbadores. Cuenta con una apariencia super elegante con acabamos en negros mates y gloss. Sus dos potentes motores te har\u00e1n disfrutar de 14 patrones de vibraci\u00f3n diferente. Pero no solo disfrutar\u00e1s con las<\/p>\n","protected":false},"excerpt":{"rendered":"<p>Este masturbador es el Maserati de los masturbadores. Cuenta con una apariencia super elegante con acabamos en negros mates y gloss. Sus dos potentes motores te har\u00e1n disfrutar de 14 patrones de vibraci\u00f3n diferente. Pero no solo disfrutar\u00e1s con las<\/p>\n","protected":false},"featured_media":14143,"comment_status":"open","ping_status":"closed","template":"","meta":[],"product_cat":[557],"product_tag":[],"class_list":["post-14146","product","type-product","status-publish","has-post-thumbnail","hentry","product_cat-juguetes-sexuales","thunk-woo-product-list","opn-qv-enable","top-store-woo-hover-","top-store-single-product-tab-horizontal","top-store-shadow-","top-store-shadow-hover-"],"_links":{"self":[{"href":"https:\/\/server.idssoft.net\/idsdemo\/wp-json\/wp\/v2\/product\/14146","targetHints":{"allow":["GET"]}}],"collection":[{"href":"https:\/\/server.idssoft.net\/idsdemo\/wp-json\/wp\/v2\/product"}],"about":[{"href":"https:\/\/server.idssoft.net\/idsdemo\/wp-json\/wp\/v2\/types\/product"}],"replies":[{"embeddable":true,"href":"https:\/\/server.idssoft.net\/idsdemo\/wp-json\/wp\/v2\/comments?post=14146"}],"wp:featuredmedia":[{"embeddable":true,"href":"https:\/\/server.idssoft.net\/idsdemo\/wp-json\/wp\/v2\/media\/14143"}],"wp:attachment":[{"href":"https:\/\/server.idssoft.net\/idsdemo\/wp-json\/wp\/v2\/media?parent=14146"}],"wp:term":[{"taxonomy":"product_cat","embeddable":true,"href":"https:\/\/server.idssoft.net\/idsdemo\/wp-json\/wp\/v2\/product_cat?post=14146"},{"taxonomy":"product_tag","embeddable":true,"href":"https:\/\/server.idssoft.net\/idsdemo\/wp-json\/wp\/v2\/product_tag?post=14146"}],"curies":[{"name":"wp","href":"https:\/\/api.w.org\/{rel}","templated":true}]}}