{"id":14153,"date":"2021-06-23T14:59:22","date_gmt":"2021-06-23T14:59:22","guid":{"rendered":"https:\/\/server.idssoft.net\/idsdemo\/producto\/succionador-de-clitoris-pro-2-next-gen-version-2020-satisfye\/"},"modified":"2021-06-23T14:59:22","modified_gmt":"2021-06-23T14:59:22","slug":"succionador-de-clitoris-pro-2-next-gen-version-2020-satisfye","status":"publish","type":"product","link":"https:\/\/server.idssoft.net\/idsdemo\/producto\/succionador-de-clitoris-pro-2-next-gen-version-2020-satisfye\/","title":{"rendered":"SUCCIONADOR DE CL\u00cdTORIS PRO 2 NEXT GEN VERSI\u00d3N 2020 SATISFYE"},"content":{"rendered":"<p>Este succionador de cl\u00edtoris cuenta con 11 modos de  vibraci\u00f3n que te har\u00e1 experimentar un cl\u00edmax explosivo. Con su nueva interfaz de dos botones +\/-, podr\u00e1s aumentar y disminuir la intensidad de las vibraciones para disfrutar del momento seg\u00fan<\/p>\n","protected":false},"excerpt":{"rendered":"<p>Este succionador de cl\u00edtoris cuenta con 11 modos de vibraci\u00f3n que te har\u00e1 experimentar un cl\u00edmax explosivo. Con su nueva interfaz de dos botones +\/-, podr\u00e1s aumentar y disminuir la intensidad de las vibraciones para disfrutar del momento seg\u00fan<\/p>\n","protected":false},"featured_media":14151,"comment_status":"open","ping_status":"closed","template":"","meta":[],"product_cat":[557],"product_tag":[],"class_list":["post-14153","product","type-product","status-publish","has-post-thumbnail","hentry","product_cat-juguetes-sexuales","thunk-woo-product-list","opn-qv-enable","top-store-woo-hover-","top-store-single-product-tab-horizontal","top-store-shadow-","top-store-shadow-hover-"],"_links":{"self":[{"href":"https:\/\/server.idssoft.net\/idsdemo\/wp-json\/wp\/v2\/product\/14153","targetHints":{"allow":["GET"]}}],"collection":[{"href":"https:\/\/server.idssoft.net\/idsdemo\/wp-json\/wp\/v2\/product"}],"about":[{"href":"https:\/\/server.idssoft.net\/idsdemo\/wp-json\/wp\/v2\/types\/product"}],"replies":[{"embeddable":true,"href":"https:\/\/server.idssoft.net\/idsdemo\/wp-json\/wp\/v2\/comments?post=14153"}],"wp:featuredmedia":[{"embeddable":true,"href":"https:\/\/server.idssoft.net\/idsdemo\/wp-json\/wp\/v2\/media\/14151"}],"wp:attachment":[{"href":"https:\/\/server.idssoft.net\/idsdemo\/wp-json\/wp\/v2\/media?parent=14153"}],"wp:term":[{"taxonomy":"product_cat","embeddable":true,"href":"https:\/\/server.idssoft.net\/idsdemo\/wp-json\/wp\/v2\/product_cat?post=14153"},{"taxonomy":"product_tag","embeddable":true,"href":"https:\/\/server.idssoft.net\/idsdemo\/wp-json\/wp\/v2\/product_tag?post=14153"}],"curies":[{"name":"wp","href":"https:\/\/api.w.org\/{rel}","templated":true}]}}