{"id":14156,"date":"2021-06-23T14:59:29","date_gmt":"2021-06-23T14:59:29","guid":{"rendered":"https:\/\/server.idssoft.net\/idsdemo\/producto\/succionador-de-clitoris-pro-penguin-next-gen-nego-satisfyer\/"},"modified":"2021-06-23T14:59:29","modified_gmt":"2021-06-23T14:59:29","slug":"succionador-de-clitoris-pro-penguin-next-gen-nego-satisfyer","status":"publish","type":"product","link":"https:\/\/server.idssoft.net\/idsdemo\/producto\/succionador-de-clitoris-pro-penguin-next-gen-nego-satisfyer\/","title":{"rendered":"SUCCIONADOR DE CL\u00cdTORIS PRO PENGUIN NEXT GEN NEGO SATISFYER"},"content":{"rendered":"<p>Este modelo es mucho m\u00e1s silencioso. Adem\u00e1s es impermeable para que puedas disfrutar de \u00e9l en la ba\u00f1era. As\u00ed mismo, cuenta con bater\u00eda recargable mediante USB.<br \/>Gracias a sus materiales y a su fabricaci\u00f3n con elementos de alta calidad, no so<\/p>\n","protected":false},"excerpt":{"rendered":"<p>Este modelo es mucho m\u00e1s silencioso. Adem\u00e1s es impermeable para que puedas disfrutar de \u00e9l en la ba\u00f1era. As\u00ed mismo, cuenta con bater\u00eda recargable mediante USB.Gracias a sus materiales y a su fabricaci\u00f3n con elementos de alta calidad, no so<\/p>\n","protected":false},"featured_media":14154,"comment_status":"open","ping_status":"closed","template":"","meta":[],"product_cat":[557],"product_tag":[],"class_list":["post-14156","product","type-product","status-publish","has-post-thumbnail","hentry","product_cat-juguetes-sexuales","thunk-woo-product-list","opn-qv-enable","top-store-woo-hover-","top-store-single-product-tab-horizontal","top-store-shadow-","top-store-shadow-hover-"],"_links":{"self":[{"href":"https:\/\/server.idssoft.net\/idsdemo\/wp-json\/wp\/v2\/product\/14156","targetHints":{"allow":["GET"]}}],"collection":[{"href":"https:\/\/server.idssoft.net\/idsdemo\/wp-json\/wp\/v2\/product"}],"about":[{"href":"https:\/\/server.idssoft.net\/idsdemo\/wp-json\/wp\/v2\/types\/product"}],"replies":[{"embeddable":true,"href":"https:\/\/server.idssoft.net\/idsdemo\/wp-json\/wp\/v2\/comments?post=14156"}],"wp:featuredmedia":[{"embeddable":true,"href":"https:\/\/server.idssoft.net\/idsdemo\/wp-json\/wp\/v2\/media\/14154"}],"wp:attachment":[{"href":"https:\/\/server.idssoft.net\/idsdemo\/wp-json\/wp\/v2\/media?parent=14156"}],"wp:term":[{"taxonomy":"product_cat","embeddable":true,"href":"https:\/\/server.idssoft.net\/idsdemo\/wp-json\/wp\/v2\/product_cat?post=14156"},{"taxonomy":"product_tag","embeddable":true,"href":"https:\/\/server.idssoft.net\/idsdemo\/wp-json\/wp\/v2\/product_tag?post=14156"}],"curies":[{"name":"wp","href":"https:\/\/api.w.org\/{rel}","templated":true}]}}