{"id":14168,"date":"2021-06-23T14:59:54","date_gmt":"2021-06-23T14:59:54","guid":{"rendered":"https:\/\/server.idssoft.net\/idsdemo\/producto\/mesa-de-madera-minimalista-110x50x75cm\/"},"modified":"2021-06-23T14:59:54","modified_gmt":"2021-06-23T14:59:54","slug":"mesa-de-madera-minimalista-110x50x75cm","status":"publish","type":"product","link":"https:\/\/server.idssoft.net\/idsdemo\/producto\/mesa-de-madera-minimalista-110x50x75cm\/","title":{"rendered":"MESA DE MADERA MINIMALISTA 110X50X75CM"},"content":{"rendered":"<p>&#8211; Escritorio minimalista construido en madera de pino natural de Thinia Home, perfecto para su uso en oficinas, despachos o salas de estudio.<br \/>&#8211; De estilo n\u00f3rdico y forma rectangular, est\u00e1 compuesto de dos cajones, un tablero elaborado de part\u00edc<\/p>\n","protected":false},"excerpt":{"rendered":"<p>&#8211; Escritorio minimalista construido en madera de pino natural de Thinia Home, perfecto para su uso en oficinas, despachos o salas de estudio.&#8211; De estilo n\u00f3rdico y forma rectangular, est\u00e1 compuesto de dos cajones, un tablero elaborado de part\u00edc<\/p>\n","protected":false},"featured_media":14166,"comment_status":"open","ping_status":"closed","template":"","meta":[],"product_cat":[532],"product_tag":[],"class_list":["post-14168","product","type-product","status-publish","has-post-thumbnail","hentry","product_cat-mesas","thunk-woo-product-list","opn-qv-enable","top-store-woo-hover-","top-store-single-product-tab-horizontal","top-store-shadow-","top-store-shadow-hover-"],"_links":{"self":[{"href":"https:\/\/server.idssoft.net\/idsdemo\/wp-json\/wp\/v2\/product\/14168","targetHints":{"allow":["GET"]}}],"collection":[{"href":"https:\/\/server.idssoft.net\/idsdemo\/wp-json\/wp\/v2\/product"}],"about":[{"href":"https:\/\/server.idssoft.net\/idsdemo\/wp-json\/wp\/v2\/types\/product"}],"replies":[{"embeddable":true,"href":"https:\/\/server.idssoft.net\/idsdemo\/wp-json\/wp\/v2\/comments?post=14168"}],"wp:featuredmedia":[{"embeddable":true,"href":"https:\/\/server.idssoft.net\/idsdemo\/wp-json\/wp\/v2\/media\/14166"}],"wp:attachment":[{"href":"https:\/\/server.idssoft.net\/idsdemo\/wp-json\/wp\/v2\/media?parent=14168"}],"wp:term":[{"taxonomy":"product_cat","embeddable":true,"href":"https:\/\/server.idssoft.net\/idsdemo\/wp-json\/wp\/v2\/product_cat?post=14168"},{"taxonomy":"product_tag","embeddable":true,"href":"https:\/\/server.idssoft.net\/idsdemo\/wp-json\/wp\/v2\/product_tag?post=14168"}],"curies":[{"name":"wp","href":"https:\/\/api.w.org\/{rel}","templated":true}]}}