{"id":14192,"date":"2021-06-23T15:00:55","date_gmt":"2021-06-23T15:00:55","guid":{"rendered":"https:\/\/server.idssoft.net\/idsdemo\/producto\/lubricante-base-de-agua-de-fresa-150ml-nanami\/"},"modified":"2021-06-23T15:00:55","modified_gmt":"2021-06-23T15:00:55","slug":"lubricante-base-de-agua-de-fresa-150ml-nanami","status":"publish","type":"product","link":"https:\/\/server.idssoft.net\/idsdemo\/producto\/lubricante-base-de-agua-de-fresa-150ml-nanami\/","title":{"rendered":"LUBRICANTE BASE DE AGUA DE FRESA 150ML NANAMI"},"content":{"rendered":"<p>Disfruta de tu vida sexual de la forma que t\u00fa quieras con NANAMI, una marca que te acompa\u00f1a mientras disfrutas al m\u00e1ximo de ti mismo\/a.<\/p>\n<p>Este lubricante a base de agua cuenta con un aroma a Fresa con un efecto de lubricaci\u00f3n intensa. Es pe<\/p>\n","protected":false},"excerpt":{"rendered":"<p>Disfruta de tu vida sexual de la forma que t\u00fa quieras con NANAMI, una marca que te acompa\u00f1a mientras disfrutas al m\u00e1ximo de ti mismo\/a. Este lubricante a base de agua cuenta con un aroma a Fresa con un efecto de lubricaci\u00f3n intensa. Es pe<\/p>\n","protected":false},"featured_media":14191,"comment_status":"open","ping_status":"closed","template":"","meta":[],"product_cat":[557],"product_tag":[],"class_list":["post-14192","product","type-product","status-publish","has-post-thumbnail","hentry","product_cat-juguetes-sexuales","thunk-woo-product-list","opn-qv-enable","top-store-woo-hover-","top-store-single-product-tab-horizontal","top-store-shadow-","top-store-shadow-hover-"],"_links":{"self":[{"href":"https:\/\/server.idssoft.net\/idsdemo\/wp-json\/wp\/v2\/product\/14192","targetHints":{"allow":["GET"]}}],"collection":[{"href":"https:\/\/server.idssoft.net\/idsdemo\/wp-json\/wp\/v2\/product"}],"about":[{"href":"https:\/\/server.idssoft.net\/idsdemo\/wp-json\/wp\/v2\/types\/product"}],"replies":[{"embeddable":true,"href":"https:\/\/server.idssoft.net\/idsdemo\/wp-json\/wp\/v2\/comments?post=14192"}],"wp:featuredmedia":[{"embeddable":true,"href":"https:\/\/server.idssoft.net\/idsdemo\/wp-json\/wp\/v2\/media\/14191"}],"wp:attachment":[{"href":"https:\/\/server.idssoft.net\/idsdemo\/wp-json\/wp\/v2\/media?parent=14192"}],"wp:term":[{"taxonomy":"product_cat","embeddable":true,"href":"https:\/\/server.idssoft.net\/idsdemo\/wp-json\/wp\/v2\/product_cat?post=14192"},{"taxonomy":"product_tag","embeddable":true,"href":"https:\/\/server.idssoft.net\/idsdemo\/wp-json\/wp\/v2\/product_tag?post=14192"}],"curies":[{"name":"wp","href":"https:\/\/api.w.org\/{rel}","templated":true}]}}