{"id":14199,"date":"2021-06-23T15:01:09","date_gmt":"2021-06-23T15:01:09","guid":{"rendered":"https:\/\/server.idssoft.net\/idsdemo\/producto\/satisfyer-men-heat-vibration-version-2020\/"},"modified":"2021-06-23T15:01:09","modified_gmt":"2021-06-23T15:01:09","slug":"satisfyer-men-heat-vibration-version-2020","status":"publish","type":"product","link":"https:\/\/server.idssoft.net\/idsdemo\/producto\/satisfyer-men-heat-vibration-version-2020\/","title":{"rendered":"SATISFYER MEN HEAT VIBRATION VERSI\u00d3N 2020"},"content":{"rendered":"<p>El dise\u00f1o en negro de este producto lo hace masculino y elegante, es el compa\u00f1ero perfecto para cualquier hombre. Sus 70 combinaciones de vibraciones y su tama\u00f1o perfecto se adapta a la mano garantizando un funcionamiento s\u00faper c\u00f3modo y placenter<\/p>\n","protected":false},"excerpt":{"rendered":"<p>El dise\u00f1o en negro de este producto lo hace masculino y elegante, es el compa\u00f1ero perfecto para cualquier hombre. Sus 70 combinaciones de vibraciones y su tama\u00f1o perfecto se adapta a la mano garantizando un funcionamiento s\u00faper c\u00f3modo y placenter<\/p>\n","protected":false},"featured_media":14197,"comment_status":"open","ping_status":"closed","template":"","meta":[],"product_cat":[557],"product_tag":[],"class_list":["post-14199","product","type-product","status-publish","has-post-thumbnail","hentry","product_cat-juguetes-sexuales","thunk-woo-product-list","opn-qv-enable","top-store-woo-hover-","top-store-single-product-tab-horizontal","top-store-shadow-","top-store-shadow-hover-"],"_links":{"self":[{"href":"https:\/\/server.idssoft.net\/idsdemo\/wp-json\/wp\/v2\/product\/14199","targetHints":{"allow":["GET"]}}],"collection":[{"href":"https:\/\/server.idssoft.net\/idsdemo\/wp-json\/wp\/v2\/product"}],"about":[{"href":"https:\/\/server.idssoft.net\/idsdemo\/wp-json\/wp\/v2\/types\/product"}],"replies":[{"embeddable":true,"href":"https:\/\/server.idssoft.net\/idsdemo\/wp-json\/wp\/v2\/comments?post=14199"}],"wp:featuredmedia":[{"embeddable":true,"href":"https:\/\/server.idssoft.net\/idsdemo\/wp-json\/wp\/v2\/media\/14197"}],"wp:attachment":[{"href":"https:\/\/server.idssoft.net\/idsdemo\/wp-json\/wp\/v2\/media?parent=14199"}],"wp:term":[{"taxonomy":"product_cat","embeddable":true,"href":"https:\/\/server.idssoft.net\/idsdemo\/wp-json\/wp\/v2\/product_cat?post=14199"},{"taxonomy":"product_tag","embeddable":true,"href":"https:\/\/server.idssoft.net\/idsdemo\/wp-json\/wp\/v2\/product_tag?post=14199"}],"curies":[{"name":"wp","href":"https:\/\/api.w.org\/{rel}","templated":true}]}}