{"id":14201,"date":"2021-06-23T15:01:14","date_gmt":"2021-06-23T15:01:14","guid":{"rendered":"https:\/\/server.idssoft.net\/idsdemo\/producto\/satisfyer-vibrador-para-parejas-con-app-double-joy-violeta\/"},"modified":"2021-06-23T15:01:14","modified_gmt":"2021-06-23T15:01:14","slug":"satisfyer-vibrador-para-parejas-con-app-double-joy-violeta","status":"publish","type":"product","link":"https:\/\/server.idssoft.net\/idsdemo\/producto\/satisfyer-vibrador-para-parejas-con-app-double-joy-violeta\/","title":{"rendered":"SATISFYER VIBRADOR PARA PAREJAS CON APP DOUBLE JOY VIOLETA"},"content":{"rendered":"<p>Este estimulador est\u00e1 fabricado con silicona de alta calidad de grado m\u00e9dico y su dise\u00f1o es ergon\u00f3mico, flexible, perfecto para el placer en pareja. Cuenta con 2 motores para garantizar momentos \u00edntimos compartidos, estimulando al mismo tiempo el<\/p>\n","protected":false},"excerpt":{"rendered":"<p>Este estimulador est\u00e1 fabricado con silicona de alta calidad de grado m\u00e9dico y su dise\u00f1o es ergon\u00f3mico, flexible, perfecto para el placer en pareja. Cuenta con 2 motores para garantizar momentos \u00edntimos compartidos, estimulando al mismo tiempo el<\/p>\n","protected":false},"featured_media":14200,"comment_status":"open","ping_status":"closed","template":"","meta":[],"product_cat":[557],"product_tag":[],"class_list":["post-14201","product","type-product","status-publish","has-post-thumbnail","hentry","product_cat-juguetes-sexuales","thunk-woo-product-list","opn-qv-enable","top-store-woo-hover-","top-store-single-product-tab-horizontal","top-store-shadow-","top-store-shadow-hover-"],"_links":{"self":[{"href":"https:\/\/server.idssoft.net\/idsdemo\/wp-json\/wp\/v2\/product\/14201","targetHints":{"allow":["GET"]}}],"collection":[{"href":"https:\/\/server.idssoft.net\/idsdemo\/wp-json\/wp\/v2\/product"}],"about":[{"href":"https:\/\/server.idssoft.net\/idsdemo\/wp-json\/wp\/v2\/types\/product"}],"replies":[{"embeddable":true,"href":"https:\/\/server.idssoft.net\/idsdemo\/wp-json\/wp\/v2\/comments?post=14201"}],"wp:featuredmedia":[{"embeddable":true,"href":"https:\/\/server.idssoft.net\/idsdemo\/wp-json\/wp\/v2\/media\/14200"}],"wp:attachment":[{"href":"https:\/\/server.idssoft.net\/idsdemo\/wp-json\/wp\/v2\/media?parent=14201"}],"wp:term":[{"taxonomy":"product_cat","embeddable":true,"href":"https:\/\/server.idssoft.net\/idsdemo\/wp-json\/wp\/v2\/product_cat?post=14201"},{"taxonomy":"product_tag","embeddable":true,"href":"https:\/\/server.idssoft.net\/idsdemo\/wp-json\/wp\/v2\/product_tag?post=14201"}],"curies":[{"name":"wp","href":"https:\/\/api.w.org\/{rel}","templated":true}]}}