{"id":14203,"date":"2021-06-23T15:01:19","date_gmt":"2021-06-23T15:01:19","guid":{"rendered":"https:\/\/server.idssoft.net\/idsdemo\/producto\/microfono-madell-negro-trust\/"},"modified":"2021-06-23T15:01:19","modified_gmt":"2021-06-23T15:01:19","slug":"microfono-madell-negro-trust","status":"publish","type":"product","link":"https:\/\/server.idssoft.net\/idsdemo\/producto\/microfono-madell-negro-trust\/","title":{"rendered":"MICROFONO MADELL NEGRO TRUST"},"content":{"rendered":"<p>Caracter\u00edsticas:<br \/>&#8211; Micr\u00f3fono para escritorio.<br \/>&#8211; Para chatear, jugar a juegos, cantar, vlogging, etc.<br \/>&#8211; Filtro de rejilla desmontable para mejorar la calidad de la voz.<br \/>&#8211; Soporte de tr\u00edpode con \u00e1ngulo ajustable.<br \/>&#8211; Bot\u00f3n silenci<\/p>\n","protected":false},"excerpt":{"rendered":"<p>Caracter\u00edsticas:&#8211; Micr\u00f3fono para escritorio.&#8211; Para chatear, jugar a juegos, cantar, vlogging, etc.&#8211; Filtro de rejilla desmontable para mejorar la calidad de la voz.&#8211; Soporte de tr\u00edpode con \u00e1ngulo ajustable.&#8211; Bot\u00f3n silenci<\/p>\n","protected":false},"featured_media":14202,"comment_status":"open","ping_status":"closed","template":"","meta":[],"product_cat":[475],"product_tag":[],"class_list":["post-14203","product","type-product","status-publish","has-post-thumbnail","hentry","product_cat-microfonos","thunk-woo-product-list","opn-qv-enable","top-store-woo-hover-","top-store-single-product-tab-horizontal","top-store-shadow-","top-store-shadow-hover-"],"_links":{"self":[{"href":"https:\/\/server.idssoft.net\/idsdemo\/wp-json\/wp\/v2\/product\/14203","targetHints":{"allow":["GET"]}}],"collection":[{"href":"https:\/\/server.idssoft.net\/idsdemo\/wp-json\/wp\/v2\/product"}],"about":[{"href":"https:\/\/server.idssoft.net\/idsdemo\/wp-json\/wp\/v2\/types\/product"}],"replies":[{"embeddable":true,"href":"https:\/\/server.idssoft.net\/idsdemo\/wp-json\/wp\/v2\/comments?post=14203"}],"wp:featuredmedia":[{"embeddable":true,"href":"https:\/\/server.idssoft.net\/idsdemo\/wp-json\/wp\/v2\/media\/14202"}],"wp:attachment":[{"href":"https:\/\/server.idssoft.net\/idsdemo\/wp-json\/wp\/v2\/media?parent=14203"}],"wp:term":[{"taxonomy":"product_cat","embeddable":true,"href":"https:\/\/server.idssoft.net\/idsdemo\/wp-json\/wp\/v2\/product_cat?post=14203"},{"taxonomy":"product_tag","embeddable":true,"href":"https:\/\/server.idssoft.net\/idsdemo\/wp-json\/wp\/v2\/product_tag?post=14203"}],"curies":[{"name":"wp","href":"https:\/\/api.w.org\/{rel}","templated":true}]}}