{"id":14205,"date":"2021-06-23T15:01:24","date_gmt":"2021-06-23T15:01:24","guid":{"rendered":"https:\/\/server.idssoft.net\/idsdemo\/producto\/limpiador-de-juguetes-en-spray-150ml\/"},"modified":"2021-06-23T15:01:24","modified_gmt":"2021-06-23T15:01:24","slug":"limpiador-de-juguetes-en-spray-150ml","status":"publish","type":"product","link":"https:\/\/server.idssoft.net\/idsdemo\/producto\/limpiador-de-juguetes-en-spray-150ml\/","title":{"rendered":"LIMPIADOR DE JUGUETES EN SPRAY 150ML"},"content":{"rendered":"<p>Disfruta de tu vida sexual de la forma que t\u00fa quieras con NANAMI, una marca que te acompa\u00f1a mientras disfrutas al m\u00e1ximo de ti mismo\/a. Este Spray higi\u00e9nico cuenta con propiedades desinfectantes para una limpieza profunda en tus juguetes er\u00f3ticos<\/p>\n","protected":false},"excerpt":{"rendered":"<p>Disfruta de tu vida sexual de la forma que t\u00fa quieras con NANAMI, una marca que te acompa\u00f1a mientras disfrutas al m\u00e1ximo de ti mismo\/a. Este Spray higi\u00e9nico cuenta con propiedades desinfectantes para una limpieza profunda en tus juguetes er\u00f3ticos<\/p>\n","protected":false},"featured_media":14204,"comment_status":"open","ping_status":"closed","template":"","meta":[],"product_cat":[557],"product_tag":[],"class_list":["post-14205","product","type-product","status-publish","has-post-thumbnail","hentry","product_cat-juguetes-sexuales","thunk-woo-product-list","opn-qv-enable","top-store-woo-hover-","top-store-single-product-tab-horizontal","top-store-shadow-","top-store-shadow-hover-"],"_links":{"self":[{"href":"https:\/\/server.idssoft.net\/idsdemo\/wp-json\/wp\/v2\/product\/14205","targetHints":{"allow":["GET"]}}],"collection":[{"href":"https:\/\/server.idssoft.net\/idsdemo\/wp-json\/wp\/v2\/product"}],"about":[{"href":"https:\/\/server.idssoft.net\/idsdemo\/wp-json\/wp\/v2\/types\/product"}],"replies":[{"embeddable":true,"href":"https:\/\/server.idssoft.net\/idsdemo\/wp-json\/wp\/v2\/comments?post=14205"}],"wp:featuredmedia":[{"embeddable":true,"href":"https:\/\/server.idssoft.net\/idsdemo\/wp-json\/wp\/v2\/media\/14204"}],"wp:attachment":[{"href":"https:\/\/server.idssoft.net\/idsdemo\/wp-json\/wp\/v2\/media?parent=14205"}],"wp:term":[{"taxonomy":"product_cat","embeddable":true,"href":"https:\/\/server.idssoft.net\/idsdemo\/wp-json\/wp\/v2\/product_cat?post=14205"},{"taxonomy":"product_tag","embeddable":true,"href":"https:\/\/server.idssoft.net\/idsdemo\/wp-json\/wp\/v2\/product_tag?post=14205"}],"curies":[{"name":"wp","href":"https:\/\/api.w.org\/{rel}","templated":true}]}}