{"id":14216,"date":"2021-06-23T15:01:45","date_gmt":"2021-06-23T15:01:45","guid":{"rendered":"https:\/\/server.idssoft.net\/idsdemo\/producto\/satisfyer-succionador-de-clitoris-love-triangle-negro\/"},"modified":"2021-06-23T15:01:45","modified_gmt":"2021-06-23T15:01:45","slug":"satisfyer-succionador-de-clitoris-love-triangle-negro","status":"publish","type":"product","link":"https:\/\/server.idssoft.net\/idsdemo\/producto\/satisfyer-succionador-de-clitoris-love-triangle-negro\/","title":{"rendered":"SATISFYER SUCCIONADOR DE CL\u00cdTORIS LOVE TRIANGLE NEGRO"},"content":{"rendered":"<p>Un succionador fuera de serie. Con una APP para poder controlar a distancia el juguete, Love Triangle est\u00e1 fabricado con silicona segura para el cuerpo de alta calidad. Sus ondas de presi\u00f3n y su selecci\u00f3n infinita de programas de ondas y vibracione<\/p>\n","protected":false},"excerpt":{"rendered":"<p>Un succionador fuera de serie. Con una APP para poder controlar a distancia el juguete, Love Triangle est\u00e1 fabricado con silicona segura para el cuerpo de alta calidad. Sus ondas de presi\u00f3n y su selecci\u00f3n infinita de programas de ondas y vibracione<\/p>\n","protected":false},"featured_media":14214,"comment_status":"open","ping_status":"closed","template":"","meta":[],"product_cat":[557],"product_tag":[],"class_list":["post-14216","product","type-product","status-publish","has-post-thumbnail","hentry","product_cat-juguetes-sexuales","thunk-woo-product-list","opn-qv-enable","top-store-woo-hover-","top-store-single-product-tab-horizontal","top-store-shadow-","top-store-shadow-hover-"],"_links":{"self":[{"href":"https:\/\/server.idssoft.net\/idsdemo\/wp-json\/wp\/v2\/product\/14216","targetHints":{"allow":["GET"]}}],"collection":[{"href":"https:\/\/server.idssoft.net\/idsdemo\/wp-json\/wp\/v2\/product"}],"about":[{"href":"https:\/\/server.idssoft.net\/idsdemo\/wp-json\/wp\/v2\/types\/product"}],"replies":[{"embeddable":true,"href":"https:\/\/server.idssoft.net\/idsdemo\/wp-json\/wp\/v2\/comments?post=14216"}],"wp:featuredmedia":[{"embeddable":true,"href":"https:\/\/server.idssoft.net\/idsdemo\/wp-json\/wp\/v2\/media\/14214"}],"wp:attachment":[{"href":"https:\/\/server.idssoft.net\/idsdemo\/wp-json\/wp\/v2\/media?parent=14216"}],"wp:term":[{"taxonomy":"product_cat","embeddable":true,"href":"https:\/\/server.idssoft.net\/idsdemo\/wp-json\/wp\/v2\/product_cat?post=14216"},{"taxonomy":"product_tag","embeddable":true,"href":"https:\/\/server.idssoft.net\/idsdemo\/wp-json\/wp\/v2\/product_tag?post=14216"}],"curies":[{"name":"wp","href":"https:\/\/api.w.org\/{rel}","templated":true}]}}