{"id":14219,"date":"2021-06-23T15:01:50","date_gmt":"2021-06-23T15:01:50","guid":{"rendered":"https:\/\/server.idssoft.net\/idsdemo\/producto\/satisfyer-vibrador-para-parejas-con-app-double-joy-negro\/"},"modified":"2021-06-23T15:01:50","modified_gmt":"2021-06-23T15:01:50","slug":"satisfyer-vibrador-para-parejas-con-app-double-joy-negro","status":"publish","type":"product","link":"https:\/\/server.idssoft.net\/idsdemo\/producto\/satisfyer-vibrador-para-parejas-con-app-double-joy-negro\/","title":{"rendered":"SATISFYER VIBRADOR PARA PAREJAS CON APP DOUBLE JOY NEGRO"},"content":{"rendered":"<p>El nuevo vibrador para parejas con la APP Satisfyer Connect que podr\u00e1s utilizar v\u00eda Bluetooth.<\/p>\n<p>Este estimulador est\u00e1 fabricado con silicona de alta calidad de grado m\u00e9dico y su dise\u00f1o es ergon\u00f3mico, flexible, perfecto para el placer en<\/p>\n","protected":false},"excerpt":{"rendered":"<p>El nuevo vibrador para parejas con la APP Satisfyer Connect que podr\u00e1s utilizar v\u00eda Bluetooth. Este estimulador est\u00e1 fabricado con silicona de alta calidad de grado m\u00e9dico y su dise\u00f1o es ergon\u00f3mico, flexible, perfecto para el placer en<\/p>\n","protected":false},"featured_media":14217,"comment_status":"open","ping_status":"closed","template":"","meta":[],"product_cat":[557],"product_tag":[],"class_list":["post-14219","product","type-product","status-publish","has-post-thumbnail","hentry","product_cat-juguetes-sexuales","thunk-woo-product-list","opn-qv-enable","top-store-woo-hover-","top-store-single-product-tab-horizontal","top-store-shadow-","top-store-shadow-hover-"],"_links":{"self":[{"href":"https:\/\/server.idssoft.net\/idsdemo\/wp-json\/wp\/v2\/product\/14219","targetHints":{"allow":["GET"]}}],"collection":[{"href":"https:\/\/server.idssoft.net\/idsdemo\/wp-json\/wp\/v2\/product"}],"about":[{"href":"https:\/\/server.idssoft.net\/idsdemo\/wp-json\/wp\/v2\/types\/product"}],"replies":[{"embeddable":true,"href":"https:\/\/server.idssoft.net\/idsdemo\/wp-json\/wp\/v2\/comments?post=14219"}],"wp:featuredmedia":[{"embeddable":true,"href":"https:\/\/server.idssoft.net\/idsdemo\/wp-json\/wp\/v2\/media\/14217"}],"wp:attachment":[{"href":"https:\/\/server.idssoft.net\/idsdemo\/wp-json\/wp\/v2\/media?parent=14219"}],"wp:term":[{"taxonomy":"product_cat","embeddable":true,"href":"https:\/\/server.idssoft.net\/idsdemo\/wp-json\/wp\/v2\/product_cat?post=14219"},{"taxonomy":"product_tag","embeddable":true,"href":"https:\/\/server.idssoft.net\/idsdemo\/wp-json\/wp\/v2\/product_tag?post=14219"}],"curies":[{"name":"wp","href":"https:\/\/api.w.org\/{rel}","templated":true}]}}