{"id":14226,"date":"2021-06-23T15:02:05","date_gmt":"2021-06-23T15:02:05","guid":{"rendered":"https:\/\/server.idssoft.net\/idsdemo\/producto\/placa-vitroceramica-orbegozo-pce-5000-2000w-o205mm-cri\/"},"modified":"2021-06-23T15:02:05","modified_gmt":"2021-06-23T15:02:05","slug":"placa-vitroceramica-orbegozo-pce-5000-2000w-o205mm-cri","status":"publish","type":"product","link":"https:\/\/server.idssoft.net\/idsdemo\/producto\/placa-vitroceramica-orbegozo-pce-5000-2000w-o205mm-cri\/","title":{"rendered":"PLACA VITROCERAMICA ORBEGOZO PCE 5000 | 2000W | \u00d8205MM | CRI"},"content":{"rendered":"<p>.Placa vitrocer\u00e1mica port\u00e1til. <br \/>.2.000 W.<br \/>.Di\u00e1metro superficie de cocci\u00f3n: 205 mm.<br \/>.Placa calor\u00edfica de vitrocer\u00e1mica.<br \/>.Termostato regulable.<br \/>.Cuerpo de acero inoxidable.<br \/>.Piloto de funcionamiento.<br \/>.Apto para cualquie<\/p>\n","protected":false},"excerpt":{"rendered":"<p>.Placa vitrocer\u00e1mica port\u00e1til. .2.000 W..Di\u00e1metro superficie de cocci\u00f3n: 205 mm..Placa calor\u00edfica de vitrocer\u00e1mica..Termostato regulable..Cuerpo de acero inoxidable..Piloto de funcionamiento..Apto para cualquie<\/p>\n","protected":false},"featured_media":14225,"comment_status":"open","ping_status":"closed","template":"","meta":[],"product_cat":[506],"product_tag":[],"class_list":["post-14226","product","type-product","status-publish","has-post-thumbnail","hentry","product_cat-cocinas-electricas","thunk-woo-product-list","opn-qv-enable","top-store-woo-hover-","top-store-single-product-tab-horizontal","top-store-shadow-","top-store-shadow-hover-"],"_links":{"self":[{"href":"https:\/\/server.idssoft.net\/idsdemo\/wp-json\/wp\/v2\/product\/14226","targetHints":{"allow":["GET"]}}],"collection":[{"href":"https:\/\/server.idssoft.net\/idsdemo\/wp-json\/wp\/v2\/product"}],"about":[{"href":"https:\/\/server.idssoft.net\/idsdemo\/wp-json\/wp\/v2\/types\/product"}],"replies":[{"embeddable":true,"href":"https:\/\/server.idssoft.net\/idsdemo\/wp-json\/wp\/v2\/comments?post=14226"}],"wp:featuredmedia":[{"embeddable":true,"href":"https:\/\/server.idssoft.net\/idsdemo\/wp-json\/wp\/v2\/media\/14225"}],"wp:attachment":[{"href":"https:\/\/server.idssoft.net\/idsdemo\/wp-json\/wp\/v2\/media?parent=14226"}],"wp:term":[{"taxonomy":"product_cat","embeddable":true,"href":"https:\/\/server.idssoft.net\/idsdemo\/wp-json\/wp\/v2\/product_cat?post=14226"},{"taxonomy":"product_tag","embeddable":true,"href":"https:\/\/server.idssoft.net\/idsdemo\/wp-json\/wp\/v2\/product_tag?post=14226"}],"curies":[{"name":"wp","href":"https:\/\/api.w.org\/{rel}","templated":true}]}}