{"id":14229,"date":"2021-06-23T15:02:10","date_gmt":"2021-06-23T15:02:10","guid":{"rendered":"https:\/\/server.idssoft.net\/idsdemo\/producto\/panificadora-orbegozo-mhp-3500-550w-14-progamas\/"},"modified":"2021-06-23T15:02:10","modified_gmt":"2021-06-23T15:02:10","slug":"panificadora-orbegozo-mhp-3500-550w-14-progamas","status":"publish","type":"product","link":"https:\/\/server.idssoft.net\/idsdemo\/producto\/panificadora-orbegozo-mhp-3500-550w-14-progamas\/","title":{"rendered":"PANIFICADORA ORBEGOZO MHP 3500 | 550W | 14 PROGAMAS"},"content":{"rendered":"<p>.M\u00e1quina de hacer pan.<br \/>.Potencia 550W.<br \/>.Selecci\u00f3n del tama\u00f1o del pan 0,7 kg \/ 1 kg. <br \/>.Temporizador hasta 13 horas.<br \/>.Tapa superior de acero inoxidable.<br \/>.Funci\u00f3n de mantener caliente.<br \/>.14 programas preconfigurados de cocci\u00f3n<\/p>\n","protected":false},"excerpt":{"rendered":"<p>.M\u00e1quina de hacer pan..Potencia 550W..Selecci\u00f3n del tama\u00f1o del pan 0,7 kg \/ 1 kg. .Temporizador hasta 13 horas..Tapa superior de acero inoxidable..Funci\u00f3n de mantener caliente..14 programas preconfigurados de cocci\u00f3n<\/p>\n","protected":false},"featured_media":14227,"comment_status":"open","ping_status":"closed","template":"","meta":[],"product_cat":[515],"product_tag":[],"class_list":["post-14229","product","type-product","status-publish","has-post-thumbnail","hentry","product_cat-funcooking","thunk-woo-product-list","opn-qv-enable","top-store-woo-hover-","top-store-single-product-tab-horizontal","top-store-shadow-","top-store-shadow-hover-"],"_links":{"self":[{"href":"https:\/\/server.idssoft.net\/idsdemo\/wp-json\/wp\/v2\/product\/14229","targetHints":{"allow":["GET"]}}],"collection":[{"href":"https:\/\/server.idssoft.net\/idsdemo\/wp-json\/wp\/v2\/product"}],"about":[{"href":"https:\/\/server.idssoft.net\/idsdemo\/wp-json\/wp\/v2\/types\/product"}],"replies":[{"embeddable":true,"href":"https:\/\/server.idssoft.net\/idsdemo\/wp-json\/wp\/v2\/comments?post=14229"}],"wp:featuredmedia":[{"embeddable":true,"href":"https:\/\/server.idssoft.net\/idsdemo\/wp-json\/wp\/v2\/media\/14227"}],"wp:attachment":[{"href":"https:\/\/server.idssoft.net\/idsdemo\/wp-json\/wp\/v2\/media?parent=14229"}],"wp:term":[{"taxonomy":"product_cat","embeddable":true,"href":"https:\/\/server.idssoft.net\/idsdemo\/wp-json\/wp\/v2\/product_cat?post=14229"},{"taxonomy":"product_tag","embeddable":true,"href":"https:\/\/server.idssoft.net\/idsdemo\/wp-json\/wp\/v2\/product_tag?post=14229"}],"curies":[{"name":"wp","href":"https:\/\/api.w.org\/{rel}","templated":true}]}}