{"id":14238,"date":"2021-06-23T15:02:27","date_gmt":"2021-06-23T15:02:27","guid":{"rendered":"https:\/\/server.idssoft.net\/idsdemo\/producto\/pack-trust-gaming-gxt-1180rw-teclado-raton-auriculares\/"},"modified":"2021-06-23T15:02:27","modified_gmt":"2021-06-23T15:02:27","slug":"pack-trust-gaming-gxt-1180rw-teclado-raton-auriculares","status":"publish","type":"product","link":"https:\/\/server.idssoft.net\/idsdemo\/producto\/pack-trust-gaming-gxt-1180rw-teclado-raton-auriculares\/","title":{"rendered":"PACK TRUST GAMING GXT 1180RW | TECLADO + RATON + AURICULARES"},"content":{"rendered":"<p>Pack gaming 4 en 1 que contiene un teclado y un rat\u00f3n con iluminaci\u00f3n, c\u00f3modos auriculares multiplataforma y una alfombrilla de rat\u00f3n antideslizante.<\/p>\n<p>.Teclado GXT 830-RW de distribuci\u00f3n normal, iluminado con onda de arco iris, con funci?<\/p>\n","protected":false},"excerpt":{"rendered":"<p>Pack gaming 4 en 1 que contiene un teclado y un rat\u00f3n con iluminaci\u00f3n, c\u00f3modos auriculares multiplataforma y una alfombrilla de rat\u00f3n antideslizante. .Teclado GXT 830-RW de distribuci\u00f3n normal, iluminado con onda de arco iris, con funci?<\/p>\n","protected":false},"featured_media":14236,"comment_status":"open","ping_status":"closed","template":"","meta":[],"product_cat":[461],"product_tag":[],"class_list":["post-14238","product","type-product","status-publish","has-post-thumbnail","hentry","product_cat-teclados-y-ratones-gaming","thunk-woo-product-list","opn-qv-enable","top-store-woo-hover-","top-store-single-product-tab-horizontal","top-store-shadow-","top-store-shadow-hover-"],"_links":{"self":[{"href":"https:\/\/server.idssoft.net\/idsdemo\/wp-json\/wp\/v2\/product\/14238","targetHints":{"allow":["GET"]}}],"collection":[{"href":"https:\/\/server.idssoft.net\/idsdemo\/wp-json\/wp\/v2\/product"}],"about":[{"href":"https:\/\/server.idssoft.net\/idsdemo\/wp-json\/wp\/v2\/types\/product"}],"replies":[{"embeddable":true,"href":"https:\/\/server.idssoft.net\/idsdemo\/wp-json\/wp\/v2\/comments?post=14238"}],"wp:featuredmedia":[{"embeddable":true,"href":"https:\/\/server.idssoft.net\/idsdemo\/wp-json\/wp\/v2\/media\/14236"}],"wp:attachment":[{"href":"https:\/\/server.idssoft.net\/idsdemo\/wp-json\/wp\/v2\/media?parent=14238"}],"wp:term":[{"taxonomy":"product_cat","embeddable":true,"href":"https:\/\/server.idssoft.net\/idsdemo\/wp-json\/wp\/v2\/product_cat?post=14238"},{"taxonomy":"product_tag","embeddable":true,"href":"https:\/\/server.idssoft.net\/idsdemo\/wp-json\/wp\/v2\/product_tag?post=14238"}],"curies":[{"name":"wp","href":"https:\/\/api.w.org\/{rel}","templated":true}]}}