{"id":14241,"date":"2021-06-23T15:02:36","date_gmt":"2021-06-23T15:02:36","guid":{"rendered":"https:\/\/server.idssoft.net\/idsdemo\/producto\/teclado-metalico-trust-gxt-856-rgb-12-teclas-multimedia\/"},"modified":"2021-06-23T15:02:36","modified_gmt":"2021-06-23T15:02:36","slug":"teclado-metalico-trust-gxt-856-rgb-12-teclas-multimedia","status":"publish","type":"product","link":"https:\/\/server.idssoft.net\/idsdemo\/producto\/teclado-metalico-trust-gxt-856-rgb-12-teclas-multimedia\/","title":{"rendered":"TECLADO METALICO TRUST GXT 856 | RGB | 12 TECLAS MULTIMEDIA"},"content":{"rendered":"<p>.Dise\u00f1o de tama\u00f1o completo con s\u00f3lida placa superior met\u00e1lica<br \/>.Iluminaci\u00f3n multicolor con efecto &#034;respiraci\u00f3n&#034; y brillo y velocidad ajustables<br \/>.Anti-ghosting: con hasta 8 pulsaciones de tecla simult\u00e1neas<br \/>.Interruptor de m<\/p>\n","protected":false},"excerpt":{"rendered":"<p>.Dise\u00f1o de tama\u00f1o completo con s\u00f3lida placa superior met\u00e1lica.Iluminaci\u00f3n multicolor con efecto &#034;respiraci\u00f3n&#034; y brillo y velocidad ajustables.Anti-ghosting: con hasta 8 pulsaciones de tecla simult\u00e1neas.Interruptor de m<\/p>\n","protected":false},"featured_media":14239,"comment_status":"open","ping_status":"closed","template":"","meta":[],"product_cat":[461],"product_tag":[],"class_list":["post-14241","product","type-product","status-publish","has-post-thumbnail","hentry","product_cat-teclados-y-ratones-gaming","thunk-woo-product-list","opn-qv-enable","top-store-woo-hover-","top-store-single-product-tab-horizontal","top-store-shadow-","top-store-shadow-hover-"],"_links":{"self":[{"href":"https:\/\/server.idssoft.net\/idsdemo\/wp-json\/wp\/v2\/product\/14241","targetHints":{"allow":["GET"]}}],"collection":[{"href":"https:\/\/server.idssoft.net\/idsdemo\/wp-json\/wp\/v2\/product"}],"about":[{"href":"https:\/\/server.idssoft.net\/idsdemo\/wp-json\/wp\/v2\/types\/product"}],"replies":[{"embeddable":true,"href":"https:\/\/server.idssoft.net\/idsdemo\/wp-json\/wp\/v2\/comments?post=14241"}],"wp:featuredmedia":[{"embeddable":true,"href":"https:\/\/server.idssoft.net\/idsdemo\/wp-json\/wp\/v2\/media\/14239"}],"wp:attachment":[{"href":"https:\/\/server.idssoft.net\/idsdemo\/wp-json\/wp\/v2\/media?parent=14241"}],"wp:term":[{"taxonomy":"product_cat","embeddable":true,"href":"https:\/\/server.idssoft.net\/idsdemo\/wp-json\/wp\/v2\/product_cat?post=14241"},{"taxonomy":"product_tag","embeddable":true,"href":"https:\/\/server.idssoft.net\/idsdemo\/wp-json\/wp\/v2\/product_tag?post=14241"}],"curies":[{"name":"wp","href":"https:\/\/api.w.org\/{rel}","templated":true}]}}