{"id":14244,"date":"2021-06-23T15:02:41","date_gmt":"2021-06-23T15:02:41","guid":{"rendered":"https:\/\/server.idssoft.net\/idsdemo\/producto\/teclado-gaming-trust-ziva-rainbow-led\/"},"modified":"2021-06-23T15:02:41","modified_gmt":"2021-06-23T15:02:41","slug":"teclado-gaming-trust-ziva-rainbow-led","status":"publish","type":"product","link":"https:\/\/server.idssoft.net\/idsdemo\/producto\/teclado-gaming-trust-ziva-rainbow-led\/","title":{"rendered":"TECLADO GAMING TRUST ZIVA RAINBOW LED"},"content":{"rendered":"<p>Teclado de formato completo con iluminaci\u00f3n LED<br \/>Iluminaci\u00f3n LED multicolor con efecto de respiraci\u00f3n y fijo<br \/>Dise\u00f1o robusto y contra el derrame de l\u00edquidos<br \/>.12 teclas multimedia de acceso directo <br \/>.Modo de gaming especial para desh<\/p>\n","protected":false},"excerpt":{"rendered":"<p>Teclado de formato completo con iluminaci\u00f3n LEDIluminaci\u00f3n LED multicolor con efecto de respiraci\u00f3n y fijoDise\u00f1o robusto y contra el derrame de l\u00edquidos.12 teclas multimedia de acceso directo .Modo de gaming especial para desh<\/p>\n","protected":false},"featured_media":14242,"comment_status":"open","ping_status":"closed","template":"","meta":[],"product_cat":[461],"product_tag":[],"class_list":["post-14244","product","type-product","status-publish","has-post-thumbnail","hentry","product_cat-teclados-y-ratones-gaming","thunk-woo-product-list","opn-qv-enable","top-store-woo-hover-","top-store-single-product-tab-horizontal","top-store-shadow-","top-store-shadow-hover-"],"_links":{"self":[{"href":"https:\/\/server.idssoft.net\/idsdemo\/wp-json\/wp\/v2\/product\/14244","targetHints":{"allow":["GET"]}}],"collection":[{"href":"https:\/\/server.idssoft.net\/idsdemo\/wp-json\/wp\/v2\/product"}],"about":[{"href":"https:\/\/server.idssoft.net\/idsdemo\/wp-json\/wp\/v2\/types\/product"}],"replies":[{"embeddable":true,"href":"https:\/\/server.idssoft.net\/idsdemo\/wp-json\/wp\/v2\/comments?post=14244"}],"wp:featuredmedia":[{"embeddable":true,"href":"https:\/\/server.idssoft.net\/idsdemo\/wp-json\/wp\/v2\/media\/14242"}],"wp:attachment":[{"href":"https:\/\/server.idssoft.net\/idsdemo\/wp-json\/wp\/v2\/media?parent=14244"}],"wp:term":[{"taxonomy":"product_cat","embeddable":true,"href":"https:\/\/server.idssoft.net\/idsdemo\/wp-json\/wp\/v2\/product_cat?post=14244"},{"taxonomy":"product_tag","embeddable":true,"href":"https:\/\/server.idssoft.net\/idsdemo\/wp-json\/wp\/v2\/product_tag?post=14244"}],"curies":[{"name":"wp","href":"https:\/\/api.w.org\/{rel}","templated":true}]}}