{"id":14253,"date":"2021-06-23T15:02:57","date_gmt":"2021-06-23T15:02:57","guid":{"rendered":"https:\/\/server.idssoft.net\/idsdemo\/producto\/teclado-mars-gaming-mk215-retroiluminacion-7-colores-tec\/"},"modified":"2021-06-23T15:02:57","modified_gmt":"2021-06-23T15:02:57","slug":"teclado-mars-gaming-mk215-retroiluminacion-7-colores-tec","status":"publish","type":"product","link":"https:\/\/server.idssoft.net\/idsdemo\/producto\/teclado-mars-gaming-mk215-retroiluminacion-7-colores-tec\/","title":{"rendered":"TECLADO MARS GAMING MK215 | RETROILUMINACION 7 COLORES | TEC"},"content":{"rendered":"<p>.Tecnolog\u00eda Pro-Gaming<br \/>.Con capacidad anti-ghosting y hasta 100Hz de frecuencia <br \/>.Adapta tu MK215 al m\u00e1ximo, ya que te permite la configuraci\u00f3n completa de todo el teclado y sus teclas desmontables que te permitir\u00e1n intercambiar su posici?<\/p>\n","protected":false},"excerpt":{"rendered":"<p>.Tecnolog\u00eda Pro-Gaming.Con capacidad anti-ghosting y hasta 100Hz de frecuencia .Adapta tu MK215 al m\u00e1ximo, ya que te permite la configuraci\u00f3n completa de todo el teclado y sus teclas desmontables que te permitir\u00e1n intercambiar su posici?<\/p>\n","protected":false},"featured_media":14251,"comment_status":"open","ping_status":"closed","template":"","meta":[],"product_cat":[461],"product_tag":[],"class_list":["post-14253","product","type-product","status-publish","has-post-thumbnail","hentry","product_cat-teclados-y-ratones-gaming","thunk-woo-product-list","opn-qv-enable","top-store-woo-hover-","top-store-single-product-tab-horizontal","top-store-shadow-","top-store-shadow-hover-"],"_links":{"self":[{"href":"https:\/\/server.idssoft.net\/idsdemo\/wp-json\/wp\/v2\/product\/14253","targetHints":{"allow":["GET"]}}],"collection":[{"href":"https:\/\/server.idssoft.net\/idsdemo\/wp-json\/wp\/v2\/product"}],"about":[{"href":"https:\/\/server.idssoft.net\/idsdemo\/wp-json\/wp\/v2\/types\/product"}],"replies":[{"embeddable":true,"href":"https:\/\/server.idssoft.net\/idsdemo\/wp-json\/wp\/v2\/comments?post=14253"}],"wp:featuredmedia":[{"embeddable":true,"href":"https:\/\/server.idssoft.net\/idsdemo\/wp-json\/wp\/v2\/media\/14251"}],"wp:attachment":[{"href":"https:\/\/server.idssoft.net\/idsdemo\/wp-json\/wp\/v2\/media?parent=14253"}],"wp:term":[{"taxonomy":"product_cat","embeddable":true,"href":"https:\/\/server.idssoft.net\/idsdemo\/wp-json\/wp\/v2\/product_cat?post=14253"},{"taxonomy":"product_tag","embeddable":true,"href":"https:\/\/server.idssoft.net\/idsdemo\/wp-json\/wp\/v2\/product_tag?post=14253"}],"curies":[{"name":"wp","href":"https:\/\/api.w.org\/{rel}","templated":true}]}}