{"id":14259,"date":"2021-06-23T15:03:07","date_gmt":"2021-06-23T15:03:07","guid":{"rendered":"https:\/\/server.idssoft.net\/idsdemo\/producto\/raton-mars-gaming-mm116-sensor-optico-profesional-3200dpi\/"},"modified":"2021-06-23T15:03:07","modified_gmt":"2021-06-23T15:03:07","slug":"raton-mars-gaming-mm116-sensor-optico-profesional-3200dpi","status":"publish","type":"product","link":"https:\/\/server.idssoft.net\/idsdemo\/producto\/raton-mars-gaming-mm116-sensor-optico-profesional-3200dpi\/","title":{"rendered":"RAT\u00d3N MARS GAMING MM116 | SENSOR \u00d3PTICO PROFESIONAL 3200DPI"},"content":{"rendered":"<p>.Tecnolog\u00eda: Sensor \u00f3ptico profesional Gaming 3200DPI<br \/>.Botones: 6 Gaming (hasta 5 millones de pulsaciones)<br \/>.Dise\u00f1o: Ambidiestro ergon\u00f3mico<br \/>.Iluminaci\u00f3n: LED 7 colores (transici\u00f3n de color sin pausa)<br \/>.Frecuencia de refresco: 1<\/p>\n","protected":false},"excerpt":{"rendered":"<p>.Tecnolog\u00eda: Sensor \u00f3ptico profesional Gaming 3200DPI.Botones: 6 Gaming (hasta 5 millones de pulsaciones).Dise\u00f1o: Ambidiestro ergon\u00f3mico.Iluminaci\u00f3n: LED 7 colores (transici\u00f3n de color sin pausa).Frecuencia de refresco: 1<\/p>\n","protected":false},"featured_media":14257,"comment_status":"open","ping_status":"closed","template":"","meta":[],"product_cat":[461],"product_tag":[],"class_list":["post-14259","product","type-product","status-publish","has-post-thumbnail","hentry","product_cat-teclados-y-ratones-gaming","thunk-woo-product-list","opn-qv-enable","top-store-woo-hover-","top-store-single-product-tab-horizontal","top-store-shadow-","top-store-shadow-hover-"],"_links":{"self":[{"href":"https:\/\/server.idssoft.net\/idsdemo\/wp-json\/wp\/v2\/product\/14259","targetHints":{"allow":["GET"]}}],"collection":[{"href":"https:\/\/server.idssoft.net\/idsdemo\/wp-json\/wp\/v2\/product"}],"about":[{"href":"https:\/\/server.idssoft.net\/idsdemo\/wp-json\/wp\/v2\/types\/product"}],"replies":[{"embeddable":true,"href":"https:\/\/server.idssoft.net\/idsdemo\/wp-json\/wp\/v2\/comments?post=14259"}],"wp:featuredmedia":[{"embeddable":true,"href":"https:\/\/server.idssoft.net\/idsdemo\/wp-json\/wp\/v2\/media\/14257"}],"wp:attachment":[{"href":"https:\/\/server.idssoft.net\/idsdemo\/wp-json\/wp\/v2\/media?parent=14259"}],"wp:term":[{"taxonomy":"product_cat","embeddable":true,"href":"https:\/\/server.idssoft.net\/idsdemo\/wp-json\/wp\/v2\/product_cat?post=14259"},{"taxonomy":"product_tag","embeddable":true,"href":"https:\/\/server.idssoft.net\/idsdemo\/wp-json\/wp\/v2\/product_tag?post=14259"}],"curies":[{"name":"wp","href":"https:\/\/api.w.org\/{rel}","templated":true}]}}