{"id":14268,"date":"2021-06-23T15:03:23","date_gmt":"2021-06-23T15:03:23","guid":{"rendered":"https:\/\/server.idssoft.net\/idsdemo\/producto\/raton-spirit-of-gamer-pro-m8-light-edition-rgb-7-botones\/"},"modified":"2021-06-23T15:03:23","modified_gmt":"2021-06-23T15:03:23","slug":"raton-spirit-of-gamer-pro-m8-light-edition-rgb-7-botones","status":"publish","type":"product","link":"https:\/\/server.idssoft.net\/idsdemo\/producto\/raton-spirit-of-gamer-pro-m8-light-edition-rgb-7-botones\/","title":{"rendered":"RAT\u00d3N SPIRIT OF GAMER PRO-M8 LIGHT EDITION | RGB | 7 BOTONES"},"content":{"rendered":"<p>.Optical Sensor AVAGO 5050<br \/>.Forma ergon\u00f3mica para diestro<br \/>.Resoluci\u00f3n m\u00e1xima 3500 DPI con Ajuste en 4 niveles<br \/>.Retroiluminaci\u00f3n LED 4 de color,  p\u00farpura 800 DPI \/ verde .1600 DPI \/ azul 2500 DPI \/ Rojo 3500 DPI<br \/>.7 botones con un &amp;<\/p>\n","protected":false},"excerpt":{"rendered":"<p>.Optical Sensor AVAGO 5050.Forma ergon\u00f3mica para diestro.Resoluci\u00f3n m\u00e1xima 3500 DPI con Ajuste en 4 niveles.Retroiluminaci\u00f3n LED 4 de color, p\u00farpura 800 DPI \/ verde .1600 DPI \/ azul 2500 DPI \/ Rojo 3500 DPI.7 botones con un &amp;<\/p>\n","protected":false},"featured_media":14266,"comment_status":"open","ping_status":"closed","template":"","meta":[],"product_cat":[461],"product_tag":[],"class_list":["post-14268","product","type-product","status-publish","has-post-thumbnail","hentry","product_cat-teclados-y-ratones-gaming","thunk-woo-product-list","opn-qv-enable","top-store-woo-hover-","top-store-single-product-tab-horizontal","top-store-shadow-","top-store-shadow-hover-"],"_links":{"self":[{"href":"https:\/\/server.idssoft.net\/idsdemo\/wp-json\/wp\/v2\/product\/14268","targetHints":{"allow":["GET"]}}],"collection":[{"href":"https:\/\/server.idssoft.net\/idsdemo\/wp-json\/wp\/v2\/product"}],"about":[{"href":"https:\/\/server.idssoft.net\/idsdemo\/wp-json\/wp\/v2\/types\/product"}],"replies":[{"embeddable":true,"href":"https:\/\/server.idssoft.net\/idsdemo\/wp-json\/wp\/v2\/comments?post=14268"}],"wp:featuredmedia":[{"embeddable":true,"href":"https:\/\/server.idssoft.net\/idsdemo\/wp-json\/wp\/v2\/media\/14266"}],"wp:attachment":[{"href":"https:\/\/server.idssoft.net\/idsdemo\/wp-json\/wp\/v2\/media?parent=14268"}],"wp:term":[{"taxonomy":"product_cat","embeddable":true,"href":"https:\/\/server.idssoft.net\/idsdemo\/wp-json\/wp\/v2\/product_cat?post=14268"},{"taxonomy":"product_tag","embeddable":true,"href":"https:\/\/server.idssoft.net\/idsdemo\/wp-json\/wp\/v2\/product_tag?post=14268"}],"curies":[{"name":"wp","href":"https:\/\/api.w.org\/{rel}","templated":true}]}}