{"id":14286,"date":"2021-06-23T15:03:59","date_gmt":"2021-06-23T15:03:59","guid":{"rendered":"https:\/\/server.idssoft.net\/idsdemo\/producto\/satisfyer-pro-3-vibration-version-2020\/"},"modified":"2021-06-23T15:03:59","modified_gmt":"2021-06-23T15:03:59","slug":"satisfyer-pro-3-vibration-version-2020","status":"publish","type":"product","link":"https:\/\/server.idssoft.net\/idsdemo\/producto\/satisfyer-pro-3-vibration-version-2020\/","title":{"rendered":"SATISFYER PRO 3+ VIBRATION VERSI\u00d3N 2020"},"content":{"rendered":"<p>Este juguete buscar\u00e1 como hacerte llegar al cl\u00edmax, y cr\u00e9eme, lo conseguir\u00e1. Este nuevo juguete cuenta con un dise\u00f1o en negro sedoso y agradable. <\/p>\n<p>Caracter\u00edsticas:<\/p>\n<p>.11 programas de succi\u00f3n<br \/>.10 programas de vibraci\u00f3n<br \/>.<\/p>\n","protected":false},"excerpt":{"rendered":"<p>Este juguete buscar\u00e1 como hacerte llegar al cl\u00edmax, y cr\u00e9eme, lo conseguir\u00e1. Este nuevo juguete cuenta con un dise\u00f1o en negro sedoso y agradable. Caracter\u00edsticas: .11 programas de succi\u00f3n.10 programas de vibraci\u00f3n.<\/p>\n","protected":false},"featured_media":14284,"comment_status":"open","ping_status":"closed","template":"","meta":[],"product_cat":[557],"product_tag":[],"class_list":["post-14286","product","type-product","status-publish","has-post-thumbnail","hentry","product_cat-juguetes-sexuales","thunk-woo-product-list","opn-qv-enable","top-store-woo-hover-","top-store-single-product-tab-horizontal","top-store-shadow-","top-store-shadow-hover-"],"_links":{"self":[{"href":"https:\/\/server.idssoft.net\/idsdemo\/wp-json\/wp\/v2\/product\/14286","targetHints":{"allow":["GET"]}}],"collection":[{"href":"https:\/\/server.idssoft.net\/idsdemo\/wp-json\/wp\/v2\/product"}],"about":[{"href":"https:\/\/server.idssoft.net\/idsdemo\/wp-json\/wp\/v2\/types\/product"}],"replies":[{"embeddable":true,"href":"https:\/\/server.idssoft.net\/idsdemo\/wp-json\/wp\/v2\/comments?post=14286"}],"wp:featuredmedia":[{"embeddable":true,"href":"https:\/\/server.idssoft.net\/idsdemo\/wp-json\/wp\/v2\/media\/14284"}],"wp:attachment":[{"href":"https:\/\/server.idssoft.net\/idsdemo\/wp-json\/wp\/v2\/media?parent=14286"}],"wp:term":[{"taxonomy":"product_cat","embeddable":true,"href":"https:\/\/server.idssoft.net\/idsdemo\/wp-json\/wp\/v2\/product_cat?post=14286"},{"taxonomy":"product_tag","embeddable":true,"href":"https:\/\/server.idssoft.net\/idsdemo\/wp-json\/wp\/v2\/product_tag?post=14286"}],"curies":[{"name":"wp","href":"https:\/\/api.w.org\/{rel}","templated":true}]}}