{"id":14289,"date":"2021-06-23T15:04:04","date_gmt":"2021-06-23T15:04:04","guid":{"rendered":"https:\/\/server.idssoft.net\/idsdemo\/producto\/anillo-vibrador-con-app-satisfyer-mighty-one-azul\/"},"modified":"2021-06-23T15:04:04","modified_gmt":"2021-06-23T15:04:04","slug":"anillo-vibrador-con-app-satisfyer-mighty-one-azul","status":"publish","type":"product","link":"https:\/\/server.idssoft.net\/idsdemo\/producto\/anillo-vibrador-con-app-satisfyer-mighty-one-azul\/","title":{"rendered":"ANILLO VIBRADOR CON APP SATISFYER MIGHTY ONE AZUL"},"content":{"rendered":"<p>El nuevo anillo The Mighty One cuenta con un cuerpo m\u00e1s grande y flexible, con un motor m\u00e1s potente y unas vibraciones incre\u00edbles.<\/p>\n<p>Gracias a su tama\u00f1o, no solo disfrutar\u00e1s t\u00fa de las vibraciones, si no que tu pareja podr\u00e1 experimentarla<\/p>\n","protected":false},"excerpt":{"rendered":"<p>El nuevo anillo The Mighty One cuenta con un cuerpo m\u00e1s grande y flexible, con un motor m\u00e1s potente y unas vibraciones incre\u00edbles. Gracias a su tama\u00f1o, no solo disfrutar\u00e1s t\u00fa de las vibraciones, si no que tu pareja podr\u00e1 experimentarla<\/p>\n","protected":false},"featured_media":14287,"comment_status":"open","ping_status":"closed","template":"","meta":[],"product_cat":[557],"product_tag":[],"class_list":["post-14289","product","type-product","status-publish","has-post-thumbnail","hentry","product_cat-juguetes-sexuales","thunk-woo-product-list","opn-qv-enable","top-store-woo-hover-","top-store-single-product-tab-horizontal","top-store-shadow-","top-store-shadow-hover-"],"_links":{"self":[{"href":"https:\/\/server.idssoft.net\/idsdemo\/wp-json\/wp\/v2\/product\/14289","targetHints":{"allow":["GET"]}}],"collection":[{"href":"https:\/\/server.idssoft.net\/idsdemo\/wp-json\/wp\/v2\/product"}],"about":[{"href":"https:\/\/server.idssoft.net\/idsdemo\/wp-json\/wp\/v2\/types\/product"}],"replies":[{"embeddable":true,"href":"https:\/\/server.idssoft.net\/idsdemo\/wp-json\/wp\/v2\/comments?post=14289"}],"wp:featuredmedia":[{"embeddable":true,"href":"https:\/\/server.idssoft.net\/idsdemo\/wp-json\/wp\/v2\/media\/14287"}],"wp:attachment":[{"href":"https:\/\/server.idssoft.net\/idsdemo\/wp-json\/wp\/v2\/media?parent=14289"}],"wp:term":[{"taxonomy":"product_cat","embeddable":true,"href":"https:\/\/server.idssoft.net\/idsdemo\/wp-json\/wp\/v2\/product_cat?post=14289"},{"taxonomy":"product_tag","embeddable":true,"href":"https:\/\/server.idssoft.net\/idsdemo\/wp-json\/wp\/v2\/product_tag?post=14289"}],"curies":[{"name":"wp","href":"https:\/\/api.w.org\/{rel}","templated":true}]}}