{"id":14292,"date":"2021-06-23T15:04:10","date_gmt":"2021-06-23T15:04:10","guid":{"rendered":"https:\/\/server.idssoft.net\/idsdemo\/producto\/satisfyer-multifun-3-partner-negro\/"},"modified":"2021-06-23T15:04:10","modified_gmt":"2021-06-23T15:04:10","slug":"satisfyer-multifun-3-partner-negro","status":"publish","type":"product","link":"https:\/\/server.idssoft.net\/idsdemo\/producto\/satisfyer-multifun-3-partner-negro\/","title":{"rendered":"SATISFYER MULTIFUN 3 PARTNER NEGRO"},"content":{"rendered":"<p>Te presentamos a los partner multifun, para \u00e9l, para ella, para vosotros.<\/p>\n<p>Este juguete ha sido especialmente dise\u00f1ado para encontrar y satisfacer las necesidades de los clientes. Podr\u00e1s utilizarlo en tus relaciones o en tus noches a solas<\/p>\n","protected":false},"excerpt":{"rendered":"<p>Te presentamos a los partner multifun, para \u00e9l, para ella, para vosotros. Este juguete ha sido especialmente dise\u00f1ado para encontrar y satisfacer las necesidades de los clientes. Podr\u00e1s utilizarlo en tus relaciones o en tus noches a solas<\/p>\n","protected":false},"featured_media":14290,"comment_status":"open","ping_status":"closed","template":"","meta":[],"product_cat":[557],"product_tag":[],"class_list":["post-14292","product","type-product","status-publish","has-post-thumbnail","hentry","product_cat-juguetes-sexuales","thunk-woo-product-list","opn-qv-enable","top-store-woo-hover-","top-store-single-product-tab-horizontal","top-store-shadow-","top-store-shadow-hover-"],"_links":{"self":[{"href":"https:\/\/server.idssoft.net\/idsdemo\/wp-json\/wp\/v2\/product\/14292","targetHints":{"allow":["GET"]}}],"collection":[{"href":"https:\/\/server.idssoft.net\/idsdemo\/wp-json\/wp\/v2\/product"}],"about":[{"href":"https:\/\/server.idssoft.net\/idsdemo\/wp-json\/wp\/v2\/types\/product"}],"replies":[{"embeddable":true,"href":"https:\/\/server.idssoft.net\/idsdemo\/wp-json\/wp\/v2\/comments?post=14292"}],"wp:featuredmedia":[{"embeddable":true,"href":"https:\/\/server.idssoft.net\/idsdemo\/wp-json\/wp\/v2\/media\/14290"}],"wp:attachment":[{"href":"https:\/\/server.idssoft.net\/idsdemo\/wp-json\/wp\/v2\/media?parent=14292"}],"wp:term":[{"taxonomy":"product_cat","embeddable":true,"href":"https:\/\/server.idssoft.net\/idsdemo\/wp-json\/wp\/v2\/product_cat?post=14292"},{"taxonomy":"product_tag","embeddable":true,"href":"https:\/\/server.idssoft.net\/idsdemo\/wp-json\/wp\/v2\/product_tag?post=14292"}],"curies":[{"name":"wp","href":"https:\/\/api.w.org\/{rel}","templated":true}]}}