{"id":14295,"date":"2021-06-23T15:04:15","date_gmt":"2021-06-23T15:04:15","guid":{"rendered":"https:\/\/server.idssoft.net\/idsdemo\/producto\/auriculares-con-microfono-trust-gaming-ziva-pc-ps4\/"},"modified":"2021-06-23T15:04:15","modified_gmt":"2021-06-23T15:04:15","slug":"auriculares-con-microfono-trust-gaming-ziva-pc-ps4","status":"publish","type":"product","link":"https:\/\/server.idssoft.net\/idsdemo\/producto\/auriculares-con-microfono-trust-gaming-ziva-pc-ps4\/","title":{"rendered":"AURICULARES CON MICR\u00d3FONO TRUST GAMING ZIVA PC \/ PS4"},"content":{"rendered":"<p>Ideal para juegos en l\u00ednea, m\u00fasica y aplicaciones de chat<br \/>Diadema ajustable y almohadillas blandas para los o\u00eddos<br \/>Micr\u00f3fono escamoteable de alta sensibilidad<br \/>Control de volumen en los tapones para o\u00eddos<br \/>Funciona con todos los PC y<\/p>\n","protected":false},"excerpt":{"rendered":"<p>Ideal para juegos en l\u00ednea, m\u00fasica y aplicaciones de chatDiadema ajustable y almohadillas blandas para los o\u00eddosMicr\u00f3fono escamoteable de alta sensibilidadControl de volumen en los tapones para o\u00eddosFunciona con todos los PC y<\/p>\n","protected":false},"featured_media":14293,"comment_status":"open","ping_status":"closed","template":"","meta":[],"product_cat":[559],"product_tag":[],"class_list":["post-14295","product","type-product","status-publish","has-post-thumbnail","hentry","product_cat-auriculares-gaming","thunk-woo-product-list","opn-qv-enable","top-store-woo-hover-","top-store-single-product-tab-horizontal","top-store-shadow-","top-store-shadow-hover-"],"_links":{"self":[{"href":"https:\/\/server.idssoft.net\/idsdemo\/wp-json\/wp\/v2\/product\/14295","targetHints":{"allow":["GET"]}}],"collection":[{"href":"https:\/\/server.idssoft.net\/idsdemo\/wp-json\/wp\/v2\/product"}],"about":[{"href":"https:\/\/server.idssoft.net\/idsdemo\/wp-json\/wp\/v2\/types\/product"}],"replies":[{"embeddable":true,"href":"https:\/\/server.idssoft.net\/idsdemo\/wp-json\/wp\/v2\/comments?post=14295"}],"wp:featuredmedia":[{"embeddable":true,"href":"https:\/\/server.idssoft.net\/idsdemo\/wp-json\/wp\/v2\/media\/14293"}],"wp:attachment":[{"href":"https:\/\/server.idssoft.net\/idsdemo\/wp-json\/wp\/v2\/media?parent=14295"}],"wp:term":[{"taxonomy":"product_cat","embeddable":true,"href":"https:\/\/server.idssoft.net\/idsdemo\/wp-json\/wp\/v2\/product_cat?post=14295"},{"taxonomy":"product_tag","embeddable":true,"href":"https:\/\/server.idssoft.net\/idsdemo\/wp-json\/wp\/v2\/product_tag?post=14295"}],"curies":[{"name":"wp","href":"https:\/\/api.w.org\/{rel}","templated":true}]}}