{"id":14298,"date":"2021-06-23T15:04:20","date_gmt":"2021-06-23T15:04:20","guid":{"rendered":"https:\/\/server.idssoft.net\/idsdemo\/producto\/perfilador-orbegozo-no-3500-recorte-pelos-nariz-orejas-barba\/"},"modified":"2021-06-23T15:04:20","modified_gmt":"2021-06-23T15:04:20","slug":"perfilador-orbegozo-no-3500-recorte-pelos-nariz-orejas-barba","status":"publish","type":"product","link":"https:\/\/server.idssoft.net\/idsdemo\/producto\/perfilador-orbegozo-no-3500-recorte-pelos-nariz-orejas-barba\/","title":{"rendered":"PERFILADOR ORBEGOZO NO 3500 RECORTE PELOS NARIZ\/OREJAS\/BARBA"},"content":{"rendered":"<p>.Apto para nariz\/oreja barba\/bigote.<br \/>.2 cabezales intercambiables.<br \/>.Sin cables.<br \/>.Resistente al agua: \u00cdndice de protecci\u00f3n IP-X4.<br \/>.C\u00f3modo y f\u00e1cil de usar.<br \/>.Interruptor de encendido\/apagado.<br \/>.Cuchillas precisas de doble borde<\/p>\n","protected":false},"excerpt":{"rendered":"<p>.Apto para nariz\/oreja barba\/bigote..2 cabezales intercambiables..Sin cables..Resistente al agua: \u00cdndice de protecci\u00f3n IP-X4..C\u00f3modo y f\u00e1cil de usar..Interruptor de encendido\/apagado..Cuchillas precisas de doble borde<\/p>\n","protected":false},"featured_media":14296,"comment_status":"open","ping_status":"closed","template":"","meta":[],"product_cat":[509],"product_tag":[],"class_list":["post-14298","product","type-product","status-publish","has-post-thumbnail","hentry","product_cat-cuidado-cabello","thunk-woo-product-list","opn-qv-enable","top-store-woo-hover-","top-store-single-product-tab-horizontal","top-store-shadow-","top-store-shadow-hover-"],"_links":{"self":[{"href":"https:\/\/server.idssoft.net\/idsdemo\/wp-json\/wp\/v2\/product\/14298","targetHints":{"allow":["GET"]}}],"collection":[{"href":"https:\/\/server.idssoft.net\/idsdemo\/wp-json\/wp\/v2\/product"}],"about":[{"href":"https:\/\/server.idssoft.net\/idsdemo\/wp-json\/wp\/v2\/types\/product"}],"replies":[{"embeddable":true,"href":"https:\/\/server.idssoft.net\/idsdemo\/wp-json\/wp\/v2\/comments?post=14298"}],"wp:featuredmedia":[{"embeddable":true,"href":"https:\/\/server.idssoft.net\/idsdemo\/wp-json\/wp\/v2\/media\/14296"}],"wp:attachment":[{"href":"https:\/\/server.idssoft.net\/idsdemo\/wp-json\/wp\/v2\/media?parent=14298"}],"wp:term":[{"taxonomy":"product_cat","embeddable":true,"href":"https:\/\/server.idssoft.net\/idsdemo\/wp-json\/wp\/v2\/product_cat?post=14298"},{"taxonomy":"product_tag","embeddable":true,"href":"https:\/\/server.idssoft.net\/idsdemo\/wp-json\/wp\/v2\/product_tag?post=14298"}],"curies":[{"name":"wp","href":"https:\/\/api.w.org\/{rel}","templated":true}]}}