{"id":14301,"date":"2021-06-23T15:04:26","date_gmt":"2021-06-23T15:04:26","guid":{"rendered":"https:\/\/server.idssoft.net\/idsdemo\/producto\/lampara-de-secado-de-unas-led-jocca-1133r-rosa-3-puntos-led\/"},"modified":"2021-06-23T15:04:26","modified_gmt":"2021-06-23T15:04:26","slug":"lampara-de-secado-de-unas-led-jocca-1133r-rosa-3-puntos-led","status":"publish","type":"product","link":"https:\/\/server.idssoft.net\/idsdemo\/producto\/lampara-de-secado-de-unas-led-jocca-1133r-rosa-3-puntos-led\/","title":{"rendered":"L\u00c1MPARA DE SECADO DE U\u00d1AS LED JOCCA 1133R ROSA 3 PUNTOS LED"},"content":{"rendered":"<p>.Presume de u\u00f1as perfectas gracias a la l\u00e1mpara de secado de u\u00f1as LED JOCCA<\/p>\n<p>.Gracias a sus 3 puntos LED, podr\u00e1s secar r\u00e1pidamente tus u\u00f1as de gel, permanentes o semipermanentes<\/p>\n<p>.Su tama\u00f1o reducido la hace id\u00f3nea al ocupar muy<\/p>\n","protected":false},"excerpt":{"rendered":"<p>.Presume de u\u00f1as perfectas gracias a la l\u00e1mpara de secado de u\u00f1as LED JOCCA .Gracias a sus 3 puntos LED, podr\u00e1s secar r\u00e1pidamente tus u\u00f1as de gel, permanentes o semipermanentes .Su tama\u00f1o reducido la hace id\u00f3nea al ocupar muy<\/p>\n","protected":false},"featured_media":14299,"comment_status":"open","ping_status":"closed","template":"","meta":[],"product_cat":[556],"product_tag":[],"class_list":["post-14301","product","type-product","status-publish","has-post-thumbnail","hentry","product_cat-cuidado-de-la-piel","thunk-woo-product-list","opn-qv-enable","top-store-woo-hover-","top-store-single-product-tab-horizontal","top-store-shadow-","top-store-shadow-hover-"],"_links":{"self":[{"href":"https:\/\/server.idssoft.net\/idsdemo\/wp-json\/wp\/v2\/product\/14301","targetHints":{"allow":["GET"]}}],"collection":[{"href":"https:\/\/server.idssoft.net\/idsdemo\/wp-json\/wp\/v2\/product"}],"about":[{"href":"https:\/\/server.idssoft.net\/idsdemo\/wp-json\/wp\/v2\/types\/product"}],"replies":[{"embeddable":true,"href":"https:\/\/server.idssoft.net\/idsdemo\/wp-json\/wp\/v2\/comments?post=14301"}],"wp:featuredmedia":[{"embeddable":true,"href":"https:\/\/server.idssoft.net\/idsdemo\/wp-json\/wp\/v2\/media\/14299"}],"wp:attachment":[{"href":"https:\/\/server.idssoft.net\/idsdemo\/wp-json\/wp\/v2\/media?parent=14301"}],"wp:term":[{"taxonomy":"product_cat","embeddable":true,"href":"https:\/\/server.idssoft.net\/idsdemo\/wp-json\/wp\/v2\/product_cat?post=14301"},{"taxonomy":"product_tag","embeddable":true,"href":"https:\/\/server.idssoft.net\/idsdemo\/wp-json\/wp\/v2\/product_tag?post=14301"}],"curies":[{"name":"wp","href":"https:\/\/api.w.org\/{rel}","templated":true}]}}