{"id":14307,"date":"2021-06-23T15:04:36","date_gmt":"2021-06-23T15:04:36","guid":{"rendered":"https:\/\/server.idssoft.net\/idsdemo\/producto\/abrelatas-electrico-60w-orbegozo-multifuncion-3-en-1-cu-6500\/"},"modified":"2021-06-23T15:04:36","modified_gmt":"2021-06-23T15:04:36","slug":"abrelatas-electrico-60w-orbegozo-multifuncion-3-en-1-cu-6500","status":"publish","type":"product","link":"https:\/\/server.idssoft.net\/idsdemo\/producto\/abrelatas-electrico-60w-orbegozo-multifuncion-3-en-1-cu-6500\/","title":{"rendered":"ABRELATAS ELECTRICO 60W ORBEGOZO MULTIFUNCION 3 EN 1 CU 6500"},"content":{"rendered":"<p>.Abrelatas el\u00e9ctrico Multifunci\u00f3n 3 en 1<br \/>.Cuchilla de Acero INOX desmontable<br \/>.Potencia 60W<br \/>.Funciones: Abrelatas, afilador de cuchillos, abridor de botellas.<br \/>.Cabezal desmontable para f\u00e1cil limpieza.<br \/>.Sujeci\u00f3n magn\u00e9tica d<\/p>\n","protected":false},"excerpt":{"rendered":"<p>.Abrelatas el\u00e9ctrico Multifunci\u00f3n 3 en 1.Cuchilla de Acero INOX desmontable.Potencia 60W.Funciones: Abrelatas, afilador de cuchillos, abridor de botellas..Cabezal desmontable para f\u00e1cil limpieza..Sujeci\u00f3n magn\u00e9tica d<\/p>\n","protected":false},"featured_media":14305,"comment_status":"open","ping_status":"closed","template":"","meta":[],"product_cat":[530],"product_tag":[],"class_list":["post-14307","product","type-product","status-publish","has-post-thumbnail","hentry","product_cat-utensilios-cocina","thunk-woo-product-list","opn-qv-enable","top-store-woo-hover-","top-store-single-product-tab-horizontal","top-store-shadow-","top-store-shadow-hover-"],"_links":{"self":[{"href":"https:\/\/server.idssoft.net\/idsdemo\/wp-json\/wp\/v2\/product\/14307","targetHints":{"allow":["GET"]}}],"collection":[{"href":"https:\/\/server.idssoft.net\/idsdemo\/wp-json\/wp\/v2\/product"}],"about":[{"href":"https:\/\/server.idssoft.net\/idsdemo\/wp-json\/wp\/v2\/types\/product"}],"replies":[{"embeddable":true,"href":"https:\/\/server.idssoft.net\/idsdemo\/wp-json\/wp\/v2\/comments?post=14307"}],"wp:featuredmedia":[{"embeddable":true,"href":"https:\/\/server.idssoft.net\/idsdemo\/wp-json\/wp\/v2\/media\/14305"}],"wp:attachment":[{"href":"https:\/\/server.idssoft.net\/idsdemo\/wp-json\/wp\/v2\/media?parent=14307"}],"wp:term":[{"taxonomy":"product_cat","embeddable":true,"href":"https:\/\/server.idssoft.net\/idsdemo\/wp-json\/wp\/v2\/product_cat?post=14307"},{"taxonomy":"product_tag","embeddable":true,"href":"https:\/\/server.idssoft.net\/idsdemo\/wp-json\/wp\/v2\/product_tag?post=14307"}],"curies":[{"name":"wp","href":"https:\/\/api.w.org\/{rel}","templated":true}]}}