{"id":14309,"date":"2021-06-23T15:04:41","date_gmt":"2021-06-23T15:04:41","guid":{"rendered":"https:\/\/server.idssoft.net\/idsdemo\/producto\/microfono-inalambrico-de-petaca-fonestar-msht-19-188-5mhz\/"},"modified":"2021-06-23T15:04:41","modified_gmt":"2021-06-23T15:04:41","slug":"microfono-inalambrico-de-petaca-fonestar-msht-19-188-5mhz","status":"publish","type":"product","link":"https:\/\/server.idssoft.net\/idsdemo\/producto\/microfono-inalambrico-de-petaca-fonestar-msht-19-188-5mhz\/","title":{"rendered":"MICR\u00d3FONO INAL\u00c1MBRICO DE PETACA FONESTAR MSHT-19 &#8211; 188.5MHZ"},"content":{"rendered":"<p>.Micr\u00f3fono inal\u00e1mbrico de cabeza con c\u00e1psula de condensador electret unidireccional y transmisor de petaca VHF 188&#8217;5 MHz<br \/>.2 pilas LR6-AA<br \/>.MEDIDAS 66 x 103 x 24 mm fondo<br \/>.Espuma quitavientos  <\/p>\n","protected":false},"excerpt":{"rendered":"<p>.Micr\u00f3fono inal\u00e1mbrico de cabeza con c\u00e1psula de condensador electret unidireccional y transmisor de petaca VHF 188&#8217;5 MHz.2 pilas LR6-AA.MEDIDAS 66 x 103 x 24 mm fondo.Espuma quitavientos<\/p>\n","protected":false},"featured_media":14308,"comment_status":"open","ping_status":"closed","template":"","meta":[],"product_cat":[475],"product_tag":[],"class_list":["post-14309","product","type-product","status-publish","has-post-thumbnail","hentry","product_cat-microfonos","thunk-woo-product-list","opn-qv-enable","top-store-woo-hover-","top-store-single-product-tab-horizontal","top-store-shadow-","top-store-shadow-hover-"],"_links":{"self":[{"href":"https:\/\/server.idssoft.net\/idsdemo\/wp-json\/wp\/v2\/product\/14309","targetHints":{"allow":["GET"]}}],"collection":[{"href":"https:\/\/server.idssoft.net\/idsdemo\/wp-json\/wp\/v2\/product"}],"about":[{"href":"https:\/\/server.idssoft.net\/idsdemo\/wp-json\/wp\/v2\/types\/product"}],"replies":[{"embeddable":true,"href":"https:\/\/server.idssoft.net\/idsdemo\/wp-json\/wp\/v2\/comments?post=14309"}],"wp:featuredmedia":[{"embeddable":true,"href":"https:\/\/server.idssoft.net\/idsdemo\/wp-json\/wp\/v2\/media\/14308"}],"wp:attachment":[{"href":"https:\/\/server.idssoft.net\/idsdemo\/wp-json\/wp\/v2\/media?parent=14309"}],"wp:term":[{"taxonomy":"product_cat","embeddable":true,"href":"https:\/\/server.idssoft.net\/idsdemo\/wp-json\/wp\/v2\/product_cat?post=14309"},{"taxonomy":"product_tag","embeddable":true,"href":"https:\/\/server.idssoft.net\/idsdemo\/wp-json\/wp\/v2\/product_tag?post=14309"}],"curies":[{"name":"wp","href":"https:\/\/api.w.org\/{rel}","templated":true}]}}