{"id":14315,"date":"2021-06-23T15:04:51","date_gmt":"2021-06-23T15:04:51","guid":{"rendered":"https:\/\/server.idssoft.net\/idsdemo\/producto\/televisor-philips-58pus7855-58-4k-hdr10-wifi-ambiligh\/"},"modified":"2021-06-23T15:04:51","modified_gmt":"2021-06-23T15:04:51","slug":"televisor-philips-58pus7855-58-4k-hdr10-wifi-ambiligh","status":"publish","type":"product","link":"https:\/\/server.idssoft.net\/idsdemo\/producto\/televisor-philips-58pus7855-58-4k-hdr10-wifi-ambiligh\/","title":{"rendered":"TELEVISOR PHILIPS 58PUS7855 58 | 4K HDR10+ | WIFI | AMBILIGH"},"content":{"rendered":"<p>.Pantalla 58&#034; 4k ultra HD<br \/>.HDR10+ \/ DOLBY VISION<br \/>.TV digital: DVB-T \/ T2 \/ T2-HD \/ C \/ S \/ S2<br \/>.N\u00famero de conexiones HDMI: 3 USB: 2<br \/>.Asistente de voz *: RC con micr\u00f3fono, funciona con Alexa<br \/>.Versi\u00f3n Ambilight: 3 lados&lt;br<\/p>\n","protected":false},"excerpt":{"rendered":"<p>.Pantalla 58&#034; 4k ultra HD.HDR10+ \/ DOLBY VISION.TV digital: DVB-T \/ T2 \/ T2-HD \/ C \/ S \/ S2.N\u00famero de conexiones HDMI: 3 USB: 2.Asistente de voz *: RC con micr\u00f3fono, funciona con Alexa.Versi\u00f3n Ambilight: 3 lados&lt;br<\/p>\n","protected":false},"featured_media":14313,"comment_status":"open","ping_status":"closed","template":"","meta":[],"product_cat":[452],"product_tag":[],"class_list":["post-14315","product","type-product","status-publish","has-post-thumbnail","hentry","product_cat-televisores","thunk-woo-product-list","opn-qv-enable","top-store-woo-hover-","top-store-single-product-tab-horizontal","top-store-shadow-","top-store-shadow-hover-"],"_links":{"self":[{"href":"https:\/\/server.idssoft.net\/idsdemo\/wp-json\/wp\/v2\/product\/14315","targetHints":{"allow":["GET"]}}],"collection":[{"href":"https:\/\/server.idssoft.net\/idsdemo\/wp-json\/wp\/v2\/product"}],"about":[{"href":"https:\/\/server.idssoft.net\/idsdemo\/wp-json\/wp\/v2\/types\/product"}],"replies":[{"embeddable":true,"href":"https:\/\/server.idssoft.net\/idsdemo\/wp-json\/wp\/v2\/comments?post=14315"}],"wp:featuredmedia":[{"embeddable":true,"href":"https:\/\/server.idssoft.net\/idsdemo\/wp-json\/wp\/v2\/media\/14313"}],"wp:attachment":[{"href":"https:\/\/server.idssoft.net\/idsdemo\/wp-json\/wp\/v2\/media?parent=14315"}],"wp:term":[{"taxonomy":"product_cat","embeddable":true,"href":"https:\/\/server.idssoft.net\/idsdemo\/wp-json\/wp\/v2\/product_cat?post=14315"},{"taxonomy":"product_tag","embeddable":true,"href":"https:\/\/server.idssoft.net\/idsdemo\/wp-json\/wp\/v2\/product_tag?post=14315"}],"curies":[{"name":"wp","href":"https:\/\/api.w.org\/{rel}","templated":true}]}}